{"id":298,"date":"2025-03-10T13:56:27","date_gmt":"2025-03-10T13:56:27","guid":{"rendered":"https:\/\/fada.una.py\/ismeregionalparaguay2025\/?page_id=298"},"modified":"2025-04-04T12:23:27","modified_gmt":"2025-04-04T12:23:27","slug":"llamada-a-trabajos","status":"publish","type":"page","link":"https:\/\/fada.una.py\/ismeregionalparaguay2025\/llamada-a-trabajos\/","title":{"rendered":"Llamada a trabajos"},"content":{"rendered":"\t\t<div data-elementor-type=\"wp-page\" data-elementor-id=\"298\" class=\"elementor elementor-298\" data-elementor-post-type=\"page\">\n\t\t\t\t<div class=\"elementor-element elementor-element-5860df6 e-flex e-con-boxed e-con e-parent\" data-id=\"5860df6\" data-element_type=\"container\" data-settings=\"{&quot;background_background&quot;:&quot;classic&quot;}\">\n\t\t\t\t\t<div class=\"e-con-inner\">\n\t\t\t\t<div class=\"elementor-element elementor-element-4dbe670 elementor-widget elementor-widget-heading\" data-id=\"4dbe670\" data-element_type=\"widget\" data-widget_type=\"heading.default\">\n\t\t\t\t<div class=\"elementor-widget-container\">\n\t\t\t<h2 class=\"elementor-heading-title elementor-size-default\">Llamado de trabajos<\/h2>\t\t<\/div>\n\t\t\t\t<\/div>\n\t\t\t\t\t<\/div>\n\t\t\t\t<\/div>\n\t\t<div class=\"elementor-element elementor-element-1dd2b7e e-flex e-con-boxed e-con e-parent\" data-id=\"1dd2b7e\" data-element_type=\"container\">\n\t\t\t\t\t<div class=\"e-con-inner\">\n\t\t\t\t<div class=\"elementor-element elementor-element-c57c52f elementor-widget elementor-widget-text-editor\" data-id=\"c57c52f\" data-element_type=\"widget\" data-widget_type=\"text-editor.default\">\n\t\t\t\t<div class=\"elementor-widget-container\">\n\t\t\t\t\t\t\t<h6><strong>Env\u00edo de participaciones<\/strong><\/h6><p><span style=\"font-weight: 400;\">Cada autor puede presentar hasta tres trabajos como autor principal o coautor.\u00a0<\/span><\/p><p><span style=\"font-weight: 400;\">Las propuestas para participar, deber\u00e1n ser enviadas a partir del d\u00eda<strong> 20 de febrero hasta el 14 de abril del 2025.\u00a0<\/strong><\/span><\/p><p><span style=\"font-weight: 400;\">Acceda a la plataforma para env\u00edo de trabajos en <strong><a href=\"https:\/\/anppom-congressos.org.br\/index.php\/ismepa2025\/latam\">este enlace<\/a>.<\/strong><\/span><\/p>\t\t\t\t\t\t<\/div>\n\t\t\t\t<\/div>\n\t\t\t\t\t<\/div>\n\t\t\t\t<\/div>\n\t\t<div class=\"elementor-element elementor-element-8934fbe e-flex e-con-boxed e-con e-parent\" data-id=\"8934fbe\" data-element_type=\"container\">\n\t\t\t\t\t<div class=\"e-con-inner\">\n\t\t<div class=\"elementor-element elementor-element-7d4a77b e-con-full e-flex e-con e-child\" data-id=\"7d4a77b\" data-element_type=\"container\">\n\t\t\t\t<div class=\"elementor-element elementor-element-a959abb elementor-align-center elementor-widget elementor-widget-button\" data-id=\"a959abb\" data-element_type=\"widget\" data-widget_type=\"button.default\">\n\t\t\t\t<div class=\"elementor-widget-container\">\n\t\t\t\t\t\t\t<div class=\"elementor-button-wrapper\">\n\t\t\t\t\t<a class=\"elementor-button elementor-button-link elementor-size-sm\" href=\"https:\/\/fada.una.py\/ismeregionalparaguay2025\/wp-content\/uploads\/2025\/02\/ISME2025-Paraguay-Llamada-de-Trabajos-11-02-25.docx.pdf\">\n\t\t\t\t\t\t<span class=\"elementor-button-content-wrapper\">\n\t\t\t\t\t\t<span class=\"elementor-button-icon\">\n\t\t\t\t<svg aria-hidden=\"true\" class=\"e-font-icon-svg e-fas-arrow-down\" viewBox=\"0 0 448 512\" xmlns=\"http:\/\/www.w3.org\/2000\/svg\"><path d=\"M413.1 222.5l22.2 22.2c9.4 9.4 9.4 24.6 0 33.9L241 473c-9.4 9.4-24.6 9.4-33.9 0L12.7 278.6c-9.4-9.4-9.4-24.6 0-33.9l22.2-22.2c9.5-9.5 25-9.3 34.3.4L184 343.4V56c0-13.3 10.7-24 24-24h32c13.3 0 24 10.7 24 24v287.4l114.8-120.5c9.3-9.8 24.8-10 34.3-.4z\"><\/path><\/svg>\t\t\t<\/span>\n\t\t\t\t\t\t\t\t\t<span class=\"elementor-button-text\">Descargar detalles de llamado<\/span>\n\t\t\t\t\t<\/span>\n\t\t\t\t\t<\/a>\n\t\t\t\t<\/div>\n\t\t\t\t\t\t<\/div>\n\t\t\t\t<\/div>\n\t\t\t\t<\/div>\n\t\t<div class=\"elementor-element elementor-element-d506c84 e-con-full e-flex e-con e-child\" data-id=\"d506c84\" data-element_type=\"container\">\n\t\t\t\t<div class=\"elementor-element elementor-element-0e39244 elementor-align-center elementor-widget elementor-widget-button\" data-id=\"0e39244\" data-element_type=\"widget\" data-widget_type=\"button.default\">\n\t\t\t\t<div class=\"elementor-widget-container\">\n\t\t\t\t\t\t\t<div class=\"elementor-button-wrapper\">\n\t\t\t\t\t<a class=\"elementor-button elementor-button-link elementor-size-sm\" href=\"https:\/\/fada.una.py\/ismeregionalparaguay2025\/wp-content\/uploads\/2025\/03\/IsmePa2025-Paraguay-Call-for-works-05.03.25.pdf\">\n\t\t\t\t\t\t<span class=\"elementor-button-content-wrapper\">\n\t\t\t\t\t\t<span class=\"elementor-button-icon\">\n\t\t\t\t<svg aria-hidden=\"true\" class=\"e-font-icon-svg e-fas-arrow-down\" viewBox=\"0 0 448 512\" xmlns=\"http:\/\/www.w3.org\/2000\/svg\"><path d=\"M413.1 222.5l22.2 22.2c9.4 9.4 9.4 24.6 0 33.9L241 473c-9.4 9.4-24.6 9.4-33.9 0L12.7 278.6c-9.4-9.4-9.4-24.6 0-33.9l22.2-22.2c9.5-9.5 25-9.3 34.3.4L184 343.4V56c0-13.3 10.7-24 24-24h32c13.3 0 24 10.7 24 24v287.4l114.8-120.5c9.3-9.8 24.8-10 34.3-.4z\"><\/path><\/svg>\t\t\t<\/span>\n\t\t\t\t\t\t\t\t\t<span class=\"elementor-button-text\">Download call details<\/span>\n\t\t\t\t\t<\/span>\n\t\t\t\t\t<\/a>\n\t\t\t\t<\/div>\n\t\t\t\t\t\t<\/div>\n\t\t\t\t<\/div>\n\t\t\t\t<\/div>\n\t\t<div class=\"elementor-element elementor-element-26e2f51 e-con-full e-flex e-con e-child\" data-id=\"26e2f51\" data-element_type=\"container\">\n\t\t\t\t<div class=\"elementor-element elementor-element-f0de710 elementor-align-center elementor-widget elementor-widget-button\" data-id=\"f0de710\" data-element_type=\"widget\" data-widget_type=\"button.default\">\n\t\t\t\t<div class=\"elementor-widget-container\">\n\t\t\t\t\t\t\t<div class=\"elementor-button-wrapper\">\n\t\t\t\t\t<a class=\"elementor-button elementor-button-link elementor-size-sm\" href=\"https:\/\/fada.una.py\/ismeregionalparaguay2025\/wp-content\/uploads\/2025\/03\/IsmePa2025-Paraguay-Chamada-de-Trabalhos-05.03.25.pdf\">\n\t\t\t\t\t\t<span class=\"elementor-button-content-wrapper\">\n\t\t\t\t\t\t<span class=\"elementor-button-icon\">\n\t\t\t\t<svg aria-hidden=\"true\" class=\"e-font-icon-svg e-fas-arrow-down\" viewBox=\"0 0 448 512\" xmlns=\"http:\/\/www.w3.org\/2000\/svg\"><path d=\"M413.1 222.5l22.2 22.2c9.4 9.4 9.4 24.6 0 33.9L241 473c-9.4 9.4-24.6 9.4-33.9 0L12.7 278.6c-9.4-9.4-9.4-24.6 0-33.9l22.2-22.2c9.5-9.5 25-9.3 34.3.4L184 343.4V56c0-13.3 10.7-24 24-24h32c13.3 0 24 10.7 24 24v287.4l114.8-120.5c9.3-9.8 24.8-10 34.3-.4z\"><\/path><\/svg>\t\t\t<\/span>\n\t\t\t\t\t\t\t\t\t<span class=\"elementor-button-text\">Baixar detalhes da chamada<\/span>\n\t\t\t\t\t<\/span>\n\t\t\t\t\t<\/a>\n\t\t\t\t<\/div>\n\t\t\t\t\t\t<\/div>\n\t\t\t\t<\/div>\n\t\t\t\t<\/div>\n\t\t\t\t\t<\/div>\n\t\t\t\t<\/div>\n\t\t<div class=\"elementor-element elementor-element-92afc0e e-flex e-con-boxed e-con e-parent\" data-id=\"92afc0e\" data-element_type=\"container\">\n\t\t\t\t\t<div class=\"e-con-inner\">\n\t\t\t\t<div class=\"elementor-element elementor-element-bd0e74b elementor-widget elementor-widget-text-editor\" data-id=\"bd0e74b\" data-element_type=\"widget\" data-widget_type=\"text-editor.default\">\n\t\t\t\t<div class=\"elementor-widget-container\">\n\t\t\t\t\t\t\t<p><b>Confirmaci\u00f3n de resultados<\/b><\/p><p><span style=\"font-weight: 400;\">La lista de trabajos aceptados para presentaci\u00f3n estar\u00e1 disponible a m\u00e1s tardar.<\/span><\/p><p><span style=\"font-weight: 400;\">el d\u00eda 2 de junio de 2025 en la p\u00e1gina web del evento. Adem\u00e1s, se notificar\u00e1 mediante correo electr\u00f3nico a cada uno de los proponentes.<\/span><\/p><p><span style=\"font-weight: 400;\">Para m\u00e1s informaci\u00f3n acerca de la presentaci\u00f3n de trabajos, comun\u00edquese con el Comit\u00e9 Cient\u00edfico al correo:<\/span><span style=\"font-weight: 400;\">\u00a0 <\/span><a href=\"mailto:cientifico.ismeparaguay@fada.una.py\"><span style=\"font-weight: 400;\">cientifico.ismeparaguay@fada.una.py<\/span><\/a><\/p>\t\t\t\t\t\t<\/div>\n\t\t\t\t<\/div>\n\t\t\t\t\t<\/div>\n\t\t\t\t<\/div>\n\t\t\t\t<\/div>\n\t\t","protected":false},"excerpt":{"rendered":"<p>Llamado de trabajos Env\u00edo de participaciones Cada autor puede presentar hasta tres trabajos como autor principal o coautor.\u00a0 Las propuestas para participar, deber\u00e1n ser enviadas a partir del d\u00eda 20 de febrero hasta el 14 de abril del 2025.\u00a0 Acceda a la plataforma para env\u00edo de trabajos en este enlace. Descargar detalles de llamado Download [&hellip;]<\/p>\n","protected":false},"author":1,"featured_media":0,"parent":0,"menu_order":0,"comment_status":"closed","ping_status":"closed","template":"","meta":{"footnotes":""},"class_list":["post-298","page","type-page","status-publish","hentry"],"_links":{"self":[{"href":"https:\/\/fada.una.py\/ismeregionalparaguay2025\/wp-json\/wp\/v2\/pages\/298","targetHints":{"allow":["GET"]}}],"collection":[{"href":"https:\/\/fada.una.py\/ismeregionalparaguay2025\/wp-json\/wp\/v2\/pages"}],"about":[{"href":"https:\/\/fada.una.py\/ismeregionalparaguay2025\/wp-json\/wp\/v2\/types\/page"}],"author":[{"embeddable":true,"href":"https:\/\/fada.una.py\/ismeregionalparaguay2025\/wp-json\/wp\/v2\/users\/1"}],"replies":[{"embeddable":true,"href":"https:\/\/fada.una.py\/ismeregionalparaguay2025\/wp-json\/wp\/v2\/comments?post=298"}],"version-history":[{"count":16,"href":"https:\/\/fada.una.py\/ismeregionalparaguay2025\/wp-json\/wp\/v2\/pages\/298\/revisions"}],"predecessor-version":[{"id":527,"href":"https:\/\/fada.una.py\/ismeregionalparaguay2025\/wp-json\/wp\/v2\/pages\/298\/revisions\/527"}],"wp:attachment":[{"href":"https:\/\/fada.una.py\/ismeregionalparaguay2025\/wp-json\/wp\/v2\/media?parent=298"}],"curies":[{"name":"wp","href":"https:\/\/api.w.org\/{rel}","templated":true}]}}