{"id":8,"date":"2014-06-11T17:07:06","date_gmt":"2014-06-11T17:07:06","guid":{"rendered":"http:\/\/isa.edu.py\/web\/?page_id=8"},"modified":"2021-11-19T17:31:36","modified_gmt":"2021-11-19T20:31:36","slug":"artes-visuales","status":"publish","type":"page","link":"https:\/\/fada.una.py\/isa\/artes-visuales\/","title":{"rendered":"Artes Visuales"},"content":{"rendered":"\t\t<div data-elementor-type=\"wp-page\" data-elementor-id=\"8\" class=\"elementor elementor-8\" data-elementor-settings=\"[]\">\n\t\t\t\t\t\t<div class=\"elementor-inner\">\n\t\t\t\t\t\t\t<div class=\"elementor-section-wrap\">\n\t\t\t\t\t\t\t<section class=\"elementor-section elementor-top-section elementor-element elementor-element-36295c2 elementor-section-boxed elementor-section-height-default elementor-section-height-default\" data-id=\"36295c2\" data-element_type=\"section\">\n\t\t\t\t\t\t<div class=\"elementor-container elementor-column-gap-default\">\n\t\t\t\t\t\t\t<div class=\"elementor-row\">\n\t\t\t\t\t<div class=\"elementor-column elementor-col-100 elementor-top-column elementor-element elementor-element-72b9b0b\" data-id=\"72b9b0b\" data-element_type=\"column\">\n\t\t\t<div class=\"elementor-column-wrap elementor-element-populated\">\n\t\t\t\t\t\t\t<div class=\"elementor-widget-wrap\">\n\t\t\t\t\t\t<div class=\"elementor-element elementor-element-0761de8 elementor-widget elementor-widget-text-editor\" data-id=\"0761de8\" data-element_type=\"widget\" data-widget_type=\"text-editor.default\">\n\t\t\t\t<div class=\"elementor-widget-container\">\n\t\t\t\t\t\t\t\t<div class=\"elementor-text-editor elementor-clearfix\">\n\t\t\t\t<p><span style=\"color: #00000;\"><strong>Licenciatura en Artes Visuales<\/strong><\/span><\/p><p><span style=\"color: #00000;\"><strong>Duraci\u00f3n:<\/strong> 8<strong> ciclos &#8211; 4 a\u00f1os<\/strong><\/span><\/p><p><span style=\"color: #00000;\"><strong>Perfil del Egresado<\/strong><\/span><\/p><p><span style=\"color: #00000;\">El egresado de la carrera est\u00e1 preparado para desempe\u00f1arse como creador en lenguajes visuales tales como pintura, dibujo, grabado en madera y metal, fotograf\u00eda, ilustraci\u00f3n, escultura e instalaci\u00f3n.<\/span><\/p><p><span style=\"color: #00000;\">La formaci\u00f3n recibida le habilita a trabajar en el manejo de espacio televisivo y teatral, montaje de escaparates, desfiles y espect\u00e1culos, montaje y curadur\u00eda de exposiciones, as\u00ed como en departamentos de arte, dise\u00f1o y comunicaci\u00f3n. Tambi\u00e9n est\u00e1 en condiciones de realizar investigaciones sobre artes visuales y publicar trabajos sobre cr\u00edtica de arte y cine.<\/span><\/p><p><span style=\"color: #00000;\">Es importante resaltar que el ISA habilita a sus egresados a continuar sus estudios en universidades extranjeras con programas de postgrado y doctorado, ya que el t\u00edtulo lo otorga la Universidad Nacional de Asunci\u00f3n.<\/span><\/p><p><span style=\"color: #00000;\">Para mayor informaci\u00f3n se puede ver el reglamento de admisi\u00f3n en este enlace: Reglamento de Admisi\u00f3n<\/span><\/p>\t\t\t\t\t<\/div>\n\t\t\t\t\t\t<\/div>\n\t\t\t\t<\/div>\n\t\t\t\t\t\t<\/div>\n\t\t\t\t\t<\/div>\n\t\t<\/div>\n\t\t\t\t\t\t\t\t<\/div>\n\t\t\t\t\t<\/div>\n\t\t<\/section>\n\t\t\t\t<section class=\"elementor-section elementor-top-section elementor-element elementor-element-1bee638 elementor-section-boxed elementor-section-height-default elementor-section-height-default\" data-id=\"1bee638\" data-element_type=\"section\">\n\t\t\t\t\t\t<div class=\"elementor-container elementor-column-gap-default\">\n\t\t\t\t\t\t\t<div class=\"elementor-row\">\n\t\t\t\t\t<div class=\"elementor-column elementor-col-100 elementor-top-column elementor-element elementor-element-c5c4a1e\" data-id=\"c5c4a1e\" data-element_type=\"column\">\n\t\t\t<div class=\"elementor-column-wrap elementor-element-populated\">\n\t\t\t\t\t\t\t<div class=\"elementor-widget-wrap\">\n\t\t\t\t\t\t<div class=\"elementor-element elementor-element-2806e7e elementor-widget elementor-widget-heading\" data-id=\"2806e7e\" data-element_type=\"widget\" data-widget_type=\"heading.default\">\n\t\t\t\t<div class=\"elementor-widget-container\">\n\t\t\t<h3 class=\"elementor-heading-title elementor-size-default\">Plan de estudios<\/h3>\t\t<\/div>\n\t\t\t\t<\/div>\n\t\t\t\t\t\t<\/div>\n\t\t\t\t\t<\/div>\n\t\t<\/div>\n\t\t\t\t\t\t\t\t<\/div>\n\t\t\t\t\t<\/div>\n\t\t<\/section>\n\t\t\t\t<section class=\"elementor-section elementor-top-section elementor-element elementor-element-d75cdf4 elementor-section-boxed elementor-section-height-default elementor-section-height-default\" data-id=\"d75cdf4\" data-element_type=\"section\">\n\t\t\t\t\t\t<div class=\"elementor-container elementor-column-gap-default\">\n\t\t\t\t\t\t\t<div class=\"elementor-row\">\n\t\t\t\t\t<div class=\"elementor-column elementor-col-50 elementor-top-column elementor-element elementor-element-0d7ed3b\" data-id=\"0d7ed3b\" data-element_type=\"column\">\n\t\t\t<div class=\"elementor-column-wrap elementor-element-populated\">\n\t\t\t\t\t\t\t<div class=\"elementor-widget-wrap\">\n\t\t\t\t\t\t<div class=\"elementor-element elementor-element-f4c0996 elementor-widget elementor-widget-text-editor\" data-id=\"f4c0996\" data-element_type=\"widget\" data-widget_type=\"text-editor.default\">\n\t\t\t\t<div class=\"elementor-widget-container\">\n\t\t\t\t\t\t\t\t<div class=\"elementor-text-editor elementor-clearfix\">\n\t\t\t\t<p><span style=\"color: #00000;\"><em>Primer Ciclo. \u00a0B\u00e1sico<\/em><\/span><\/p><p><span style=\"color: #00000;\">Desarrollo de la Creatividad I<\/span><br \/><span style=\"color: #00000;\">Pintura I<\/span><br \/><span style=\"color: #00000;\">Dibujo I<\/span><br \/><span style=\"color: #00000;\">Historia del Arte I<\/span><br \/><span style=\"color: #00000;\">T\u00e9cnicas de Redacci\u00f3n I<\/span><br \/><span style=\"color: #00000;\">Metodolog\u00eda de la Investigaci\u00f3n I<\/span><br \/><span style=\"color: #00000;\">Lenguaje Visual I<\/span><br \/><span style=\"color: #00000;\">Inform\u00e1tica Aplicada I<\/span><\/p>\t\t\t\t\t<\/div>\n\t\t\t\t\t\t<\/div>\n\t\t\t\t<\/div>\n\t\t\t\t\t\t<\/div>\n\t\t\t\t\t<\/div>\n\t\t<\/div>\n\t\t\t\t<div class=\"elementor-column elementor-col-50 elementor-top-column elementor-element elementor-element-4948b12\" data-id=\"4948b12\" data-element_type=\"column\">\n\t\t\t<div class=\"elementor-column-wrap elementor-element-populated\">\n\t\t\t\t\t\t\t<div class=\"elementor-widget-wrap\">\n\t\t\t\t\t\t<div class=\"elementor-element elementor-element-2d1e832 elementor-widget elementor-widget-text-editor\" data-id=\"2d1e832\" data-element_type=\"widget\" data-widget_type=\"text-editor.default\">\n\t\t\t\t<div class=\"elementor-widget-container\">\n\t\t\t\t\t\t\t\t<div class=\"elementor-text-editor elementor-clearfix\">\n\t\t\t\t<p><span style=\"color: #00000;\"><em>Segundo Ciclo. B\u00e1sico<\/em><\/span><\/p><p><span style=\"color: #00000;\">Desarrollo de la Creatividad II<\/span><br \/><span style=\"color: #00000;\">Pintura II<\/span><br \/><span style=\"color: #00000;\">Dibujo II<\/span><br \/><span style=\"color: #00000;\">Historia del Arte II<\/span><br \/><span style=\"color: #00000;\">T\u00e9cnicas de Redacci\u00f3n II<\/span><br \/><span style=\"color: #00000;\">Metodolog\u00eda de la Investigaci\u00f3n II<\/span><br \/><span style=\"color: #00000;\">Lenguaje Visual II<\/span><br \/><span style=\"color: #00000;\">Inform\u00e1tica Aplicada II<\/span><\/p>\t\t\t\t\t<\/div>\n\t\t\t\t\t\t<\/div>\n\t\t\t\t<\/div>\n\t\t\t\t\t\t<\/div>\n\t\t\t\t\t<\/div>\n\t\t<\/div>\n\t\t\t\t\t\t\t\t<\/div>\n\t\t\t\t\t<\/div>\n\t\t<\/section>\n\t\t\t\t<section class=\"elementor-section elementor-top-section elementor-element elementor-element-8d4404c elementor-section-boxed elementor-section-height-default elementor-section-height-default\" data-id=\"8d4404c\" data-element_type=\"section\">\n\t\t\t\t\t\t<div class=\"elementor-container elementor-column-gap-default\">\n\t\t\t\t\t\t\t<div class=\"elementor-row\">\n\t\t\t\t\t<div class=\"elementor-column elementor-col-50 elementor-top-column elementor-element elementor-element-9070a46\" data-id=\"9070a46\" data-element_type=\"column\">\n\t\t\t<div class=\"elementor-column-wrap elementor-element-populated\">\n\t\t\t\t\t\t\t<div class=\"elementor-widget-wrap\">\n\t\t\t\t\t\t<div class=\"elementor-element elementor-element-948cd20 elementor-widget elementor-widget-text-editor\" data-id=\"948cd20\" data-element_type=\"widget\" data-widget_type=\"text-editor.default\">\n\t\t\t\t<div class=\"elementor-widget-container\">\n\t\t\t\t\t\t\t\t<div class=\"elementor-text-editor elementor-clearfix\">\n\t\t\t\t<p><span style=\"color: #00000;\"><em>Tercer Ciclo. B\u00e1sico<\/em><\/span><\/p><p><span style=\"color: #00000;\">Pintura III<\/span><br \/><span style=\"color: #00000;\">Dise\u00f1o Aplicado I<\/span><br \/><span style=\"color: #00000;\">Dibujo III<\/span><br \/><span style=\"color: #00000;\">Sociolog\u00eda del Arte I<\/span><br \/><span style=\"color: #00000;\">Historia del Arte Paraguayo I<\/span><br \/><span style=\"color: #00000;\">Historia del Arte III<\/span><br \/><span style=\"color: #00000;\">Psicolog\u00eda Evolutiva<\/span><\/p>\t\t\t\t\t<\/div>\n\t\t\t\t\t\t<\/div>\n\t\t\t\t<\/div>\n\t\t\t\t\t\t<\/div>\n\t\t\t\t\t<\/div>\n\t\t<\/div>\n\t\t\t\t<div class=\"elementor-column elementor-col-50 elementor-top-column elementor-element elementor-element-07e11e3\" data-id=\"07e11e3\" data-element_type=\"column\">\n\t\t\t<div class=\"elementor-column-wrap elementor-element-populated\">\n\t\t\t\t\t\t\t<div class=\"elementor-widget-wrap\">\n\t\t\t\t\t\t<div class=\"elementor-element elementor-element-b510e44 elementor-widget elementor-widget-text-editor\" data-id=\"b510e44\" data-element_type=\"widget\" data-widget_type=\"text-editor.default\">\n\t\t\t\t<div class=\"elementor-widget-container\">\n\t\t\t\t\t\t\t\t<div class=\"elementor-text-editor elementor-clearfix\">\n\t\t\t\t<p><span style=\"color: #00000;\"><em>Cuarto Ciclo. B\u00e1sico<\/em><\/span><\/p><p><span style=\"color: #00000;\">Pintura IV<\/span><br \/><span style=\"color: #00000;\">Dise\u00f1o Aplicado II<\/span><br \/><span style=\"color: #00000;\">Dibujo IV<\/span><br \/><span style=\"color: #00000;\">Sociolog\u00eda del Arte II<\/span><br \/><span style=\"color: #00000;\">Historia del Arte Paraguayo II<\/span><br \/><span style=\"color: #00000;\">Historia del Arte IV<\/span><br \/><span style=\"color: #00000;\">Psicolog\u00eda Social<\/span><\/p>\t\t\t\t\t<\/div>\n\t\t\t\t\t\t<\/div>\n\t\t\t\t<\/div>\n\t\t\t\t\t\t<\/div>\n\t\t\t\t\t<\/div>\n\t\t<\/div>\n\t\t\t\t\t\t\t\t<\/div>\n\t\t\t\t\t<\/div>\n\t\t<\/section>\n\t\t\t\t<section class=\"elementor-section elementor-top-section elementor-element elementor-element-3d5a923 elementor-section-boxed elementor-section-height-default elementor-section-height-default\" data-id=\"3d5a923\" data-element_type=\"section\">\n\t\t\t\t\t\t<div class=\"elementor-container elementor-column-gap-default\">\n\t\t\t\t\t\t\t<div class=\"elementor-row\">\n\t\t\t\t\t<div class=\"elementor-column elementor-col-50 elementor-top-column elementor-element elementor-element-dd02a2a\" data-id=\"dd02a2a\" data-element_type=\"column\">\n\t\t\t<div class=\"elementor-column-wrap elementor-element-populated\">\n\t\t\t\t\t\t\t<div class=\"elementor-widget-wrap\">\n\t\t\t\t\t\t<div class=\"elementor-element elementor-element-addc578 elementor-widget elementor-widget-text-editor\" data-id=\"addc578\" data-element_type=\"widget\" data-widget_type=\"text-editor.default\">\n\t\t\t\t<div class=\"elementor-widget-container\">\n\t\t\t\t\t\t\t\t<div class=\"elementor-text-editor elementor-clearfix\">\n\t\t\t\t<p><span style=\"color: #00000;\"><em>Quinto Ciclo. \u00a0Profesional.<\/em><\/span><\/p><p><span style=\"color: #00000;\">Antropolog\u00eda de la Imagen I<\/span><br \/><span style=\"color: #00000;\">Historia del Arte Paraguayo III<\/span><br \/><span style=\"color: #00000;\">Psicolog\u00eda de la Visi\u00f3n I<\/span><br \/><span style=\"color: #00000;\">Teor\u00eda del Arte I<\/span><br \/><span style=\"color: #00000;\">Taller Experimental I<\/span><br \/><span style=\"color: #00000;\">Seminario de introducci\u00f3n a la Investigaci\u00f3n en arte I<\/span><br \/><span style=\"color: #00000;\">Semi\u00f3tica I<\/span><br \/><span style=\"color: #00000;\">Taller de Xilograbado I (optativa)<\/span><br \/><span style=\"color: #00000;\">Taller de Fotograf\u00eda I (optativa)<\/span><br \/><span style=\"color: #00000;\">Pedagog\u00eda I (optativa)<\/span><br \/><span style=\"color: #00000;\">Procedimientos pict\u00f3ricos I<\/span><\/p>\t\t\t\t\t<\/div>\n\t\t\t\t\t\t<\/div>\n\t\t\t\t<\/div>\n\t\t\t\t\t\t<\/div>\n\t\t\t\t\t<\/div>\n\t\t<\/div>\n\t\t\t\t<div class=\"elementor-column elementor-col-50 elementor-top-column elementor-element elementor-element-b38252a\" data-id=\"b38252a\" data-element_type=\"column\">\n\t\t\t<div class=\"elementor-column-wrap elementor-element-populated\">\n\t\t\t\t\t\t\t<div class=\"elementor-widget-wrap\">\n\t\t\t\t\t\t<div class=\"elementor-element elementor-element-bf018b4 elementor-widget elementor-widget-text-editor\" data-id=\"bf018b4\" data-element_type=\"widget\" data-widget_type=\"text-editor.default\">\n\t\t\t\t<div class=\"elementor-widget-container\">\n\t\t\t\t\t\t\t\t<div class=\"elementor-text-editor elementor-clearfix\">\n\t\t\t\t<p><em>Sexto Ciclo. \u00a0Profesional<\/em><\/p><p>Antropolog\u00eda de la imagen II<br \/>Seminario de Introducci\u00f3n a la Investigaci\u00f3n en Arte II<br \/>Psicolog\u00eda de la Visi\u00f3n II<br \/>Teor\u00eda del Arte II<br \/>Taller Experimental II<br \/>Semi\u00f3tica II<br \/>Taller de Xilograbado II (optativa)<br \/>Taller de Fotograf\u00eda II (optativa)<br \/>Pedagog\u00eda II (optativa)<br \/>Procedimientos pict\u00f3ricos II<br \/>Historia del Arte Paraguayo IV<\/p>\t\t\t\t\t<\/div>\n\t\t\t\t\t\t<\/div>\n\t\t\t\t<\/div>\n\t\t\t\t\t\t<\/div>\n\t\t\t\t\t<\/div>\n\t\t<\/div>\n\t\t\t\t\t\t\t\t<\/div>\n\t\t\t\t\t<\/div>\n\t\t<\/section>\n\t\t\t\t<section class=\"elementor-section elementor-top-section elementor-element elementor-element-019f942 elementor-section-boxed elementor-section-height-default elementor-section-height-default\" data-id=\"019f942\" data-element_type=\"section\">\n\t\t\t\t\t\t<div class=\"elementor-container elementor-column-gap-default\">\n\t\t\t\t\t\t\t<div class=\"elementor-row\">\n\t\t\t\t\t<div class=\"elementor-column elementor-col-50 elementor-top-column elementor-element elementor-element-e4f238b\" data-id=\"e4f238b\" data-element_type=\"column\">\n\t\t\t<div class=\"elementor-column-wrap elementor-element-populated\">\n\t\t\t\t\t\t\t<div class=\"elementor-widget-wrap\">\n\t\t\t\t\t\t<div class=\"elementor-element elementor-element-94963e7 elementor-widget elementor-widget-text-editor\" data-id=\"94963e7\" data-element_type=\"widget\" data-widget_type=\"text-editor.default\">\n\t\t\t\t<div class=\"elementor-widget-container\">\n\t\t\t\t\t\t\t\t<div class=\"elementor-text-editor elementor-clearfix\">\n\t\t\t\t<p><span style=\"color: #00000;\"><em>S\u00e9ptimo Ciclo. Profesional<\/em><\/span><\/p><p><span style=\"color: #00000;\">\u00c9tica I<\/span><br \/><span style=\"color: #00000;\">Est\u00e9tica I<\/span><br \/><span style=\"color: #00000;\">Taller de Trabajo Final de Grado I<\/span><br \/><span style=\"color: #00000;\">Taller de Instalaci\u00f3n I<\/span><br \/><span style=\"color: #00000;\">Arte Latinoamericano I<\/span><br \/><span style=\"color: #00000;\">Taller de Modelado I (optativa)<\/span><br \/><span style=\"color: #00000;\">Taller de Grabado Metal I (optativa)<\/span><br \/><span style=\"color: #00000;\">Historia y Cr\u00edtica de Cine I (optativa)<\/span><br \/><span style=\"color: #00000;\">Did\u00e1ctica I (optativa)<\/span><br \/><span style=\"color: #00000;\">Teor\u00eda del arte III<\/span><br \/><span style=\"color: #00000;\">Comunicaci\u00f3n Oral y escrita I<\/span><\/p>\t\t\t\t\t<\/div>\n\t\t\t\t\t\t<\/div>\n\t\t\t\t<\/div>\n\t\t\t\t\t\t<\/div>\n\t\t\t\t\t<\/div>\n\t\t<\/div>\n\t\t\t\t<div class=\"elementor-column elementor-col-50 elementor-top-column elementor-element elementor-element-4f1fa75\" data-id=\"4f1fa75\" data-element_type=\"column\">\n\t\t\t<div class=\"elementor-column-wrap elementor-element-populated\">\n\t\t\t\t\t\t\t<div class=\"elementor-widget-wrap\">\n\t\t\t\t\t\t<div class=\"elementor-element elementor-element-b95fccc elementor-widget elementor-widget-text-editor\" data-id=\"b95fccc\" data-element_type=\"widget\" data-widget_type=\"text-editor.default\">\n\t\t\t\t<div class=\"elementor-widget-container\">\n\t\t\t\t\t\t\t\t<div class=\"elementor-text-editor elementor-clearfix\">\n\t\t\t\t<p><span style=\"color: #00000;\"><em>Octavo Ciclo. \u00a0Profesional<\/em><\/span><\/p><p><span style=\"color: #00000;\">\u00c9tica II<\/span><br \/><span style=\"color: #00000;\">Historia Comparada<\/span><br \/><span style=\"color: #00000;\">Est\u00e9tica II<\/span><br \/><span style=\"color: #00000;\">Taller de Trabajo Final de Grado II<\/span><br \/><span style=\"color: #00000;\">Taller de Instalaci\u00f3n II<\/span><br \/><span style=\"color: #00000;\">Arte Latinoamericano II<\/span><br \/><span style=\"color: #00000;\">Taller de Modelado II (optativa)<\/span><br \/><span style=\"color: #00000;\">Taller de Grabado Metal II (optativa)<\/span><br \/><span style=\"color: #00000;\">Historia y Cr\u00edtica de Cine II (optativa)<\/span><br \/><span style=\"color: #00000;\">Did\u00e1ctica II (optativa)<\/span><br \/><span style=\"color: #00000;\">Teor\u00eda del arte IV<\/span><br \/><span style=\"color: #00000;\">Comunicaci\u00f3n oral y escrita II<\/span><\/p>\t\t\t\t\t<\/div>\n\t\t\t\t\t\t<\/div>\n\t\t\t\t<\/div>\n\t\t\t\t\t\t<\/div>\n\t\t\t\t\t<\/div>\n\t\t<\/div>\n\t\t\t\t\t\t\t\t<\/div>\n\t\t\t\t\t<\/div>\n\t\t<\/section>\n\t\t\t\t<section class=\"elementor-section elementor-top-section elementor-element elementor-element-15b19e7 elementor-section-boxed elementor-section-height-default elementor-section-height-default\" data-id=\"15b19e7\" data-element_type=\"section\">\n\t\t\t\t\t\t<div class=\"elementor-container elementor-column-gap-default\">\n\t\t\t\t\t\t\t<div class=\"elementor-row\">\n\t\t\t\t\t<div class=\"elementor-column elementor-col-100 elementor-top-column elementor-element elementor-element-76313a47\" data-id=\"76313a47\" data-element_type=\"column\">\n\t\t\t<div class=\"elementor-column-wrap elementor-element-populated\">\n\t\t\t\t\t\t\t<div class=\"elementor-widget-wrap\">\n\t\t\t\t\t\t<div class=\"elementor-element elementor-element-1f62266a elementor-widget elementor-widget-text-editor\" data-id=\"1f62266a\" data-element_type=\"widget\" data-widget_type=\"text-editor.default\">\n\t\t\t\t<div class=\"elementor-widget-container\">\n\t\t\t\t\t\t\t\t<div class=\"elementor-text-editor elementor-clearfix\">\n\t\t\t\t<p>* Presentaci\u00f3n de Trabajo Final de Grado<br \/>T\u00edtulo que otorga: Lic. en Artes Visuales<br \/><br \/><\/p><p><strong>Plan de estudios<br \/><br \/>Acta 8, resoluci\u00f3n\u00a0<\/strong><b>0186-00-2016<\/b><br \/><br \/><iframe src=\"\/\/docs.google.com\/viewer?url=https%3A%2F%2Ffada.una.py%2Fisa%2Fwp-content%2Fuploads%2F2021%2F11%2FResolucion0186-00-2016HOMOLOGALAMODIFICACIONDELPLANDEESTUDIOSDEARTESVISUALES.pdf&#038;hl=es&#038;embedded=true\" class=\"gde-frame\" style=\"width:80%; height:600px; border: none;\" scrolling=\"no\"><\/iframe>\n<p class=\"gde-text\"><a href=\"https:\/\/fada.una.py\/isa\/wp-content\/uploads\/2021\/11\/Resolucion0186-00-2016HOMOLOGALAMODIFICACIONDELPLANDEESTUDIOSDEARTESVISUALES.pdf\" class=\"gde-link\">Descargar (PDF, 5.01MB)<\/a><\/p><\/p>\t\t\t\t\t<\/div>\n\t\t\t\t\t\t<\/div>\n\t\t\t\t<\/div>\n\t\t\t\t\t\t<\/div>\n\t\t\t\t\t<\/div>\n\t\t<\/div>\n\t\t\t\t\t\t\t\t<\/div>\n\t\t\t\t\t<\/div>\n\t\t<\/section>\n\t\t\t\t\t\t<\/div>\n\t\t\t\t\t\t<\/div>\n\t\t\t\t\t<\/div>\n\t\t","protected":false},"excerpt":{"rendered":"<p>Licenciatura en Artes Visuales Duraci\u00f3n: 8 ciclos &#8211; 4 a\u00f1os Perfil del Egresado El egresado de la carrera est\u00e1 preparado para desempe\u00f1arse como creador en lenguajes visuales tales como pintura, dibujo, grabado en madera y metal, fotograf\u00eda, ilustraci\u00f3n, escultura e instalaci\u00f3n. La&#8230;<\/p>\n","protected":false},"author":1,"featured_media":1535,"parent":0,"menu_order":0,"comment_status":"closed","ping_status":"closed","template":"","meta":{"footnotes":""},"class_list":["post-8","page","type-page","status-publish","has-post-thumbnail","hentry"],"_links":{"self":[{"href":"https:\/\/fada.una.py\/isa\/wp-json\/wp\/v2\/pages\/8","targetHints":{"allow":["GET"]}}],"collection":[{"href":"https:\/\/fada.una.py\/isa\/wp-json\/wp\/v2\/pages"}],"about":[{"href":"https:\/\/fada.una.py\/isa\/wp-json\/wp\/v2\/types\/page"}],"author":[{"embeddable":true,"href":"https:\/\/fada.una.py\/isa\/wp-json\/wp\/v2\/users\/1"}],"replies":[{"embeddable":true,"href":"https:\/\/fada.una.py\/isa\/wp-json\/wp\/v2\/comments?post=8"}],"version-history":[{"count":44,"href":"https:\/\/fada.una.py\/isa\/wp-json\/wp\/v2\/pages\/8\/revisions"}],"predecessor-version":[{"id":3352,"href":"https:\/\/fada.una.py\/isa\/wp-json\/wp\/v2\/pages\/8\/revisions\/3352"}],"wp:featuredmedia":[{"embeddable":true,"href":"https:\/\/fada.una.py\/isa\/wp-json\/wp\/v2\/media\/1535"}],"wp:attachment":[{"href":"https:\/\/fada.una.py\/isa\/wp-json\/wp\/v2\/media?parent=8"}],"curies":[{"name":"wp","href":"https:\/\/api.w.org\/{rel}","templated":true}]}}