{"id":11,"date":"2014-06-11T17:07:51","date_gmt":"2014-06-11T17:07:51","guid":{"rendered":"http:\/\/isa.edu.py\/web\/?page_id=11"},"modified":"2021-11-02T21:31:42","modified_gmt":"2021-11-03T00:31:42","slug":"diseno-de-indumentaria","status":"publish","type":"page","link":"https:\/\/fada.una.py\/isa\/diseno-de-indumentaria\/","title":{"rendered":"Dise\u00f1o de Indumentaria Esc\u00e9nica y Urbana"},"content":{"rendered":"\t\t<div data-elementor-type=\"wp-page\" data-elementor-id=\"11\" class=\"elementor elementor-11\" data-elementor-settings=\"[]\">\n\t\t\t\t\t\t<div class=\"elementor-inner\">\n\t\t\t\t\t\t\t<div class=\"elementor-section-wrap\">\n\t\t\t\t\t\t\t<section class=\"elementor-section elementor-top-section elementor-element elementor-element-950a81b elementor-section-boxed elementor-section-height-default elementor-section-height-default\" data-id=\"950a81b\" data-element_type=\"section\">\n\t\t\t\t\t\t<div class=\"elementor-container elementor-column-gap-default\">\n\t\t\t\t\t\t\t<div class=\"elementor-row\">\n\t\t\t\t\t<div class=\"elementor-column elementor-col-100 elementor-top-column elementor-element elementor-element-a7fc66d\" data-id=\"a7fc66d\" data-element_type=\"column\">\n\t\t\t<div class=\"elementor-column-wrap elementor-element-populated\">\n\t\t\t\t\t\t\t<div class=\"elementor-widget-wrap\">\n\t\t\t\t\t\t<div class=\"elementor-element elementor-element-9837615 elementor-widget elementor-widget-text-editor\" data-id=\"9837615\" data-element_type=\"widget\" data-widget_type=\"text-editor.default\">\n\t\t\t\t<div class=\"elementor-widget-container\">\n\t\t\t\t\t\t\t\t<div class=\"elementor-text-editor elementor-clearfix\">\n\t\t\t\t<p><span style=\"color: #00000;\"><strong>Licenciatura en Dise\u00f1o de Indumentaria Esc\u00e9nica y Urbana<\/strong><\/span><\/p><p><span style=\"color: #00000;\"><strong>Duraci\u00f3n: 8 ciclos &#8211; 4 a\u00f1os<\/strong><\/span><\/p><p><span style=\"color: #00000;\"><strong>Perfil del Egresado<\/strong><\/span><\/p><p><span style=\"color: #00000;\">El egresado de la carrera est\u00e1 preparado para desenvolverse como dise\u00f1adores creativos de vestuarios de fiestas y espect\u00e1culos, indumentaria industrial, deportiva, uniformes, al tiempo de convertirse en investigadores y conocedores de nuestra cultura art\u00edstica artesanal.<\/span><\/p><p><span style=\"color: #00000;\">Tendr\u00e1n una visi\u00f3n contextualizada del proceso de producci\u00f3n, la gesti\u00f3n empresarial y marketing y estar\u00e1n dispuestos a competir positivamente para sobresalir por su profesionalismo y honestidad<\/span><\/p><p><span style=\"color: #00000;\">Tambi\u00e9n estar\u00e1n en condiciones de continuar con sus estudios en universidades con programas de especializaci\u00f3n en el \u00e1rea.<\/span><\/p><p><span style=\"color: #00000;\">Para mayor informaci\u00f3n se puede ver el reglamento de admisi\u00f3n en este enlace: Reglamento de Admisi\u00f3n<\/span><\/p>\t\t\t\t\t<\/div>\n\t\t\t\t\t\t<\/div>\n\t\t\t\t<\/div>\n\t\t\t\t\t\t<\/div>\n\t\t\t\t\t<\/div>\n\t\t<\/div>\n\t\t\t\t\t\t\t\t<\/div>\n\t\t\t\t\t<\/div>\n\t\t<\/section>\n\t\t\t\t<section class=\"elementor-section elementor-top-section elementor-element elementor-element-f4cdd39 elementor-section-boxed elementor-section-height-default elementor-section-height-default\" data-id=\"f4cdd39\" data-element_type=\"section\">\n\t\t\t\t\t\t<div class=\"elementor-container elementor-column-gap-default\">\n\t\t\t\t\t\t\t<div class=\"elementor-row\">\n\t\t\t\t\t<div class=\"elementor-column elementor-col-100 elementor-top-column elementor-element elementor-element-359f4ab\" data-id=\"359f4ab\" data-element_type=\"column\">\n\t\t\t<div class=\"elementor-column-wrap elementor-element-populated\">\n\t\t\t\t\t\t\t<div class=\"elementor-widget-wrap\">\n\t\t\t\t\t\t<div class=\"elementor-element elementor-element-4072350 elementor-widget elementor-widget-heading\" data-id=\"4072350\" data-element_type=\"widget\" data-widget_type=\"heading.default\">\n\t\t\t\t<div class=\"elementor-widget-container\">\n\t\t\t<h2 class=\"elementor-heading-title elementor-size-default\">Plan de estudio<\/h2>\t\t<\/div>\n\t\t\t\t<\/div>\n\t\t\t\t\t\t<\/div>\n\t\t\t\t\t<\/div>\n\t\t<\/div>\n\t\t\t\t\t\t\t\t<\/div>\n\t\t\t\t\t<\/div>\n\t\t<\/section>\n\t\t\t\t<section class=\"elementor-section elementor-top-section elementor-element elementor-element-118354c elementor-section-boxed elementor-section-height-default elementor-section-height-default\" data-id=\"118354c\" data-element_type=\"section\">\n\t\t\t\t\t\t<div class=\"elementor-container elementor-column-gap-default\">\n\t\t\t\t\t\t\t<div class=\"elementor-row\">\n\t\t\t\t\t<div class=\"elementor-column elementor-col-50 elementor-top-column elementor-element elementor-element-c354b32\" data-id=\"c354b32\" data-element_type=\"column\">\n\t\t\t<div class=\"elementor-column-wrap elementor-element-populated\">\n\t\t\t\t\t\t\t<div class=\"elementor-widget-wrap\">\n\t\t\t\t\t\t<div class=\"elementor-element elementor-element-34bb8cb elementor-widget elementor-widget-text-editor\" data-id=\"34bb8cb\" data-element_type=\"widget\" data-widget_type=\"text-editor.default\">\n\t\t\t\t<div class=\"elementor-widget-container\">\n\t\t\t\t\t\t\t\t<div class=\"elementor-text-editor elementor-clearfix\">\n\t\t\t\t<p><strong><span style=\"color: #00000;\"><em>Primer Ciclo<\/em><\/span><\/strong><\/p><p><span style=\"color: #00000;\">Estrategias de Creatividad I<\/span><br \/><span style=\"color: #00000;\">Dise\u00f1o de Vestuario Urbano I<\/span><br \/><span style=\"color: #00000;\">Dibujo I<\/span><br \/><span style=\"color: #00000;\">Pintura I<\/span><br \/><span style=\"color: #00000;\">Metodolog\u00eda de la Investigaci\u00f3n I<\/span><br \/><span style=\"color: #00000;\">Terminolog\u00edas extranjeras aplicada a la moda I<\/span><br \/><span style=\"color: #00000;\">Historia del Arte I<\/span><br \/><span style=\"color: #00000;\">Expresi\u00f3n oral y escrita I<\/span><\/p>\t\t\t\t\t<\/div>\n\t\t\t\t\t\t<\/div>\n\t\t\t\t<\/div>\n\t\t\t\t\t\t<\/div>\n\t\t\t\t\t<\/div>\n\t\t<\/div>\n\t\t\t\t<div class=\"elementor-column elementor-col-50 elementor-top-column elementor-element elementor-element-ad88def\" data-id=\"ad88def\" data-element_type=\"column\">\n\t\t\t<div class=\"elementor-column-wrap elementor-element-populated\">\n\t\t\t\t\t\t\t<div class=\"elementor-widget-wrap\">\n\t\t\t\t\t\t<div class=\"elementor-element elementor-element-d620de9 elementor-widget elementor-widget-text-editor\" data-id=\"d620de9\" data-element_type=\"widget\" data-widget_type=\"text-editor.default\">\n\t\t\t\t<div class=\"elementor-widget-container\">\n\t\t\t\t\t\t\t\t<div class=\"elementor-text-editor elementor-clearfix\">\n\t\t\t\t<p><span style=\"color: #00000;\"><em>Segundo Ciclo<\/em><\/span><\/p><p><span style=\"color: #00000;\">Estrategias de Creatividad II<\/span><br \/><span style=\"color: #00000;\">Dise\u00f1o de Vestuario Urbano II<\/span><br \/><span style=\"color: #00000;\">Dibujo II<\/span><br \/><span style=\"color: #00000;\">Pintura II<\/span><br \/><span style=\"color: #00000;\">Metodolog\u00eda de la investigaci\u00f3n II<\/span><br \/><span style=\"color: #00000;\">Terminolog\u00edas extranjeras aplicada a la moda II<\/span><br \/><span style=\"color: #00000;\">Historia del Arte II<\/span><br \/><span style=\"color: #00000;\">Expresi\u00f3n oral y escrita II<\/span><\/p>\t\t\t\t\t<\/div>\n\t\t\t\t\t\t<\/div>\n\t\t\t\t<\/div>\n\t\t\t\t\t\t<\/div>\n\t\t\t\t\t<\/div>\n\t\t<\/div>\n\t\t\t\t\t\t\t\t<\/div>\n\t\t\t\t\t<\/div>\n\t\t<\/section>\n\t\t\t\t<section class=\"elementor-section elementor-top-section elementor-element elementor-element-c976ba5 elementor-section-boxed elementor-section-height-default elementor-section-height-default\" data-id=\"c976ba5\" data-element_type=\"section\">\n\t\t\t\t\t\t<div class=\"elementor-container elementor-column-gap-default\">\n\t\t\t\t\t\t\t<div class=\"elementor-row\">\n\t\t\t\t\t<div class=\"elementor-column elementor-col-50 elementor-top-column elementor-element elementor-element-a219f17\" data-id=\"a219f17\" data-element_type=\"column\">\n\t\t\t<div class=\"elementor-column-wrap elementor-element-populated\">\n\t\t\t\t\t\t\t<div class=\"elementor-widget-wrap\">\n\t\t\t\t\t\t<div class=\"elementor-element elementor-element-f0fdc75 elementor-widget elementor-widget-text-editor\" data-id=\"f0fdc75\" data-element_type=\"widget\" data-widget_type=\"text-editor.default\">\n\t\t\t\t<div class=\"elementor-widget-container\">\n\t\t\t\t\t\t\t\t<div class=\"elementor-text-editor elementor-clearfix\">\n\t\t\t\t<p><span style=\"color: #00000;\"><em>Tercer Ciclo<\/em><\/span><\/p><p><span style=\"color: #00000;\">Ilustraci\u00f3n de Moda I<\/span><br \/><span style=\"color: #00000;\">Dise\u00f1o de Vestuario Urbano III<\/span><br \/><span style=\"color: #00000;\">Molder\u00eda para Indumentaria Urbana I<\/span><br \/><span style=\"color: #00000;\">Taller de Pintura III<\/span><br \/><span style=\"color: #00000;\">Lenguaje Visual I<\/span><br \/><span style=\"color: #00000;\">Tipos de Tejidos I<\/span><br \/><span style=\"color: #00000;\">Historia de la Indumentaria I<\/span><\/p>\t\t\t\t\t<\/div>\n\t\t\t\t\t\t<\/div>\n\t\t\t\t<\/div>\n\t\t\t\t\t\t<\/div>\n\t\t\t\t\t<\/div>\n\t\t<\/div>\n\t\t\t\t<div class=\"elementor-column elementor-col-50 elementor-top-column elementor-element elementor-element-fdccef2\" data-id=\"fdccef2\" data-element_type=\"column\">\n\t\t\t<div class=\"elementor-column-wrap elementor-element-populated\">\n\t\t\t\t\t\t\t<div class=\"elementor-widget-wrap\">\n\t\t\t\t\t\t<div class=\"elementor-element elementor-element-457dc49 elementor-widget elementor-widget-text-editor\" data-id=\"457dc49\" data-element_type=\"widget\" data-widget_type=\"text-editor.default\">\n\t\t\t\t<div class=\"elementor-widget-container\">\n\t\t\t\t\t\t\t\t<div class=\"elementor-text-editor elementor-clearfix\">\n\t\t\t\t<p><span style=\"color: #00000;\"><em>Cuarto Ciclo<\/em><\/span><\/p><p><span style=\"color: #00000;\">Ilustraci\u00f3n de moda II<\/span><br \/><span style=\"color: #00000;\">Dise\u00f1o de Vestuario Urbano IV<\/span><br \/><span style=\"color: #00000;\">Molder\u00eda para Indumentaria Urbana II<\/span><br \/><span style=\"color: #00000;\">Taller de Pintura IV<\/span><br \/><span style=\"color: #00000;\">Lenguaje Visual II<\/span><br \/><span style=\"color: #00000;\">Tipos de Tejidos II<\/span><br \/><span style=\"color: #00000;\">Historia de la Indumentaria II<\/span><\/p>\t\t\t\t\t<\/div>\n\t\t\t\t\t\t<\/div>\n\t\t\t\t<\/div>\n\t\t\t\t\t\t<\/div>\n\t\t\t\t\t<\/div>\n\t\t<\/div>\n\t\t\t\t\t\t\t\t<\/div>\n\t\t\t\t\t<\/div>\n\t\t<\/section>\n\t\t\t\t<section class=\"elementor-section elementor-top-section elementor-element elementor-element-c98e7af elementor-section-boxed elementor-section-height-default elementor-section-height-default\" data-id=\"c98e7af\" data-element_type=\"section\">\n\t\t\t\t\t\t<div class=\"elementor-container elementor-column-gap-default\">\n\t\t\t\t\t\t\t<div class=\"elementor-row\">\n\t\t\t\t\t<div class=\"elementor-column elementor-col-50 elementor-top-column elementor-element elementor-element-81fcf61\" data-id=\"81fcf61\" data-element_type=\"column\">\n\t\t\t<div class=\"elementor-column-wrap elementor-element-populated\">\n\t\t\t\t\t\t\t<div class=\"elementor-widget-wrap\">\n\t\t\t\t\t\t<div class=\"elementor-element elementor-element-30e4ead elementor-widget elementor-widget-text-editor\" data-id=\"30e4ead\" data-element_type=\"widget\" data-widget_type=\"text-editor.default\">\n\t\t\t\t<div class=\"elementor-widget-container\">\n\t\t\t\t\t\t\t\t<div class=\"elementor-text-editor elementor-clearfix\">\n\t\t\t\t<p><span style=\"color: #00000;\"><em>Quinto Ciclo<\/em><\/span><\/p><p><span style=\"color: #00000;\">Molder\u00eda para la Indumentaria Esc\u00e9nica I<\/span><br \/><span style=\"color: #00000;\">Dise\u00f1o de Vestuario Esc\u00e9nico I<\/span><br \/><span style=\"color: #00000;\">Dise\u00f1o Digital I<\/span><br \/><span style=\"color: #00000;\">Fotograf\u00eda B\u00e1sica (optativa)<\/span><br \/><span style=\"color: #00000;\">Asesoramiento de Imagen I<\/span><br \/><span style=\"color: #00000;\">Sociolog\u00eda de la Moda I<\/span><br \/><span style=\"color: #00000;\">Sicolog\u00eda Laboral I<\/span><br \/><span style=\"color: #00000;\">Taller de M\u00e1scaras (optativa)<\/span><br \/><span style=\"color: #00000;\">Pasant\u00eda I<\/span><\/p>\t\t\t\t\t<\/div>\n\t\t\t\t\t\t<\/div>\n\t\t\t\t<\/div>\n\t\t\t\t\t\t<\/div>\n\t\t\t\t\t<\/div>\n\t\t<\/div>\n\t\t\t\t<div class=\"elementor-column elementor-col-50 elementor-top-column elementor-element elementor-element-de35652\" data-id=\"de35652\" data-element_type=\"column\">\n\t\t\t<div class=\"elementor-column-wrap elementor-element-populated\">\n\t\t\t\t\t\t\t<div class=\"elementor-widget-wrap\">\n\t\t\t\t\t\t<div class=\"elementor-element elementor-element-3c2bdba elementor-widget elementor-widget-text-editor\" data-id=\"3c2bdba\" data-element_type=\"widget\" data-widget_type=\"text-editor.default\">\n\t\t\t\t<div class=\"elementor-widget-container\">\n\t\t\t\t\t\t\t\t<div class=\"elementor-text-editor elementor-clearfix\">\n\t\t\t\t<p><span style=\"color: #00000;\"><em>Sexto Ciclo<\/em><\/span><\/p><p><span style=\"color: #00000;\">Molder\u00eda para la Indumentaria Esc\u00e9nica II<\/span><br \/><span style=\"color: #00000;\">Dise\u00f1o de Vestuario Esc\u00e9nico II<\/span><br \/><span style=\"color: #00000;\">Dise\u00f1o Digital II<\/span><br \/><span style=\"color: #00000;\">Fotograf\u00eda de Moda y Producto (optativa)<\/span><br \/><span style=\"color: #00000;\">Asesoramiento de Imagen II<\/span><br \/><span style=\"color: #00000;\">Sociolog\u00eda de la Moda II<\/span><br \/><span style=\"color: #00000;\">Sicolog\u00eda Laboral II<\/span><br \/><span style=\"color: #00000;\">Taller de Tocados y Accesorios (optativa)<\/span><br \/><span style=\"color: #00000;\">Pasant\u00eda II<\/span><\/p>\t\t\t\t\t<\/div>\n\t\t\t\t\t\t<\/div>\n\t\t\t\t<\/div>\n\t\t\t\t\t\t<\/div>\n\t\t\t\t\t<\/div>\n\t\t<\/div>\n\t\t\t\t\t\t\t\t<\/div>\n\t\t\t\t\t<\/div>\n\t\t<\/section>\n\t\t\t\t<section class=\"elementor-section elementor-top-section elementor-element elementor-element-dcc33da elementor-section-boxed elementor-section-height-default elementor-section-height-default\" data-id=\"dcc33da\" data-element_type=\"section\">\n\t\t\t\t\t\t<div class=\"elementor-container elementor-column-gap-default\">\n\t\t\t\t\t\t\t<div class=\"elementor-row\">\n\t\t\t\t\t<div class=\"elementor-column elementor-col-50 elementor-top-column elementor-element elementor-element-0b34c9d\" data-id=\"0b34c9d\" data-element_type=\"column\">\n\t\t\t<div class=\"elementor-column-wrap elementor-element-populated\">\n\t\t\t\t\t\t\t<div class=\"elementor-widget-wrap\">\n\t\t\t\t\t\t<div class=\"elementor-element elementor-element-df8d3c3 elementor-widget elementor-widget-text-editor\" data-id=\"df8d3c3\" data-element_type=\"widget\" data-widget_type=\"text-editor.default\">\n\t\t\t\t<div class=\"elementor-widget-container\">\n\t\t\t\t\t\t\t\t<div class=\"elementor-text-editor elementor-clearfix\">\n\t\t\t\t<p><span style=\"color: #00000;\"><em>S\u00e9ptimo Ciclo<\/em><\/span><\/p><p><span style=\"color: #00000;\">Dise\u00f1o de Vestuario Esc\u00e9nico III<\/span><br \/><span style=\"color: #00000;\">Proyecto Esc\u00e9nico Integrado I<\/span><br \/><span style=\"color: #00000;\">An\u00e1lisis de Costos I<\/span><br \/><span style=\"color: #00000;\">Taller de Trabajo Final de Grado I<\/span><br \/><span style=\"color: #00000;\">T\u00e9cnicas de Estampaci\u00f3n<\/span><br \/><span style=\"color: #00000;\">Marketing de la Moda<\/span><br \/><span style=\"color: #00000;\">Semi\u00f3tica de la Moda<\/span><\/p>\t\t\t\t\t<\/div>\n\t\t\t\t\t\t<\/div>\n\t\t\t\t<\/div>\n\t\t\t\t\t\t<\/div>\n\t\t\t\t\t<\/div>\n\t\t<\/div>\n\t\t\t\t<div class=\"elementor-column elementor-col-50 elementor-top-column elementor-element elementor-element-c892b03\" data-id=\"c892b03\" data-element_type=\"column\">\n\t\t\t<div class=\"elementor-column-wrap elementor-element-populated\">\n\t\t\t\t\t\t\t<div class=\"elementor-widget-wrap\">\n\t\t\t\t\t\t<div class=\"elementor-element elementor-element-1c66441 elementor-widget elementor-widget-text-editor\" data-id=\"1c66441\" data-element_type=\"widget\" data-widget_type=\"text-editor.default\">\n\t\t\t\t<div class=\"elementor-widget-container\">\n\t\t\t\t\t\t\t\t<div class=\"elementor-text-editor elementor-clearfix\">\n\t\t\t\t<p><span style=\"color: #00000;\"><em>Octavo Ciclo<\/em><\/span><\/p><p><span style=\"color: #00000;\">Dise\u00f1o de Vestuario Esc\u00e9nico IV<\/span><br \/><span style=\"color: #00000;\">Proyecto Esc\u00e9nico Integrado II<\/span><br \/><span style=\"color: #00000;\">An\u00e1lisis de Costos II<\/span><br \/><span style=\"color: #00000;\">Dise\u00f1o de calzados<\/span><br \/><span style=\"color: #00000;\">Taller de Trabajo Final de Grado II<\/span><br \/><span style=\"color: #00000;\">T\u00e9cnicas de Estampaci\u00f3n II<\/span><br \/><span style=\"color: #00000;\">Marketing de la Moda II<\/span><br \/><span style=\"color: #00000;\">Semi\u00f3tica de la Moda II<\/span><\/p>\t\t\t\t\t<\/div>\n\t\t\t\t\t\t<\/div>\n\t\t\t\t<\/div>\n\t\t\t\t\t\t<\/div>\n\t\t\t\t\t<\/div>\n\t\t<\/div>\n\t\t\t\t\t\t\t\t<\/div>\n\t\t\t\t\t<\/div>\n\t\t<\/section>\n\t\t\t\t<section class=\"elementor-section elementor-top-section elementor-element elementor-element-26abc1c elementor-section-boxed elementor-section-height-default elementor-section-height-default\" data-id=\"26abc1c\" data-element_type=\"section\">\n\t\t\t\t\t\t<div class=\"elementor-container elementor-column-gap-default\">\n\t\t\t\t\t\t\t<div class=\"elementor-row\">\n\t\t\t\t\t<div class=\"elementor-column elementor-col-100 elementor-top-column elementor-element elementor-element-c20317f\" data-id=\"c20317f\" data-element_type=\"column\">\n\t\t\t<div class=\"elementor-column-wrap elementor-element-populated\">\n\t\t\t\t\t\t\t<div class=\"elementor-widget-wrap\">\n\t\t\t\t\t\t<div class=\"elementor-element elementor-element-e782860 elementor-widget elementor-widget-text-editor\" data-id=\"e782860\" data-element_type=\"widget\" data-widget_type=\"text-editor.default\">\n\t\t\t\t<div class=\"elementor-widget-container\">\n\t\t\t\t\t\t\t\t<div class=\"elementor-text-editor elementor-clearfix\">\n\t\t\t\t<p><span style=\"color: #00000;\">* Presentaci\u00f3n de Trabajo Final de Grado<\/span><br \/><span style=\"color: #00000;\">T\u00edtulo que otorga: Lic. en Dise\u00f1o de Indumentaria Esc\u00e9nica y Urbana<\/span><\/p><p><strong>Plan de estudios<br \/>Acta 18, resoluci\u00f3n 0455-00-2013<\/strong><\/p><iframe src=\"\/\/docs.google.com\/viewer?url=https%3A%2F%2Ffada.una.py%2Fisa%2Fwp-content%2Fuploads%2F2016%2F07%2FPlandeEstudios_DI.pdf&#038;hl=es&#038;embedded=true\" class=\"gde-frame\" style=\"width:90%; height:600px; border: none;\" scrolling=\"no\"><\/iframe>\n<p class=\"gde-text\"><a href=\"https:\/\/fada.una.py\/isa\/wp-content\/uploads\/2016\/07\/PlandeEstudios_DI.pdf\" class=\"gde-link\">Descargar (PDF, 1.63MB)<\/a><\/p>\t\t\t\t\t<\/div>\n\t\t\t\t\t\t<\/div>\n\t\t\t\t<\/div>\n\t\t\t\t\t\t<\/div>\n\t\t\t\t\t<\/div>\n\t\t<\/div>\n\t\t\t\t\t\t\t\t<\/div>\n\t\t\t\t\t<\/div>\n\t\t<\/section>\n\t\t\t\t\t\t<\/div>\n\t\t\t\t\t\t<\/div>\n\t\t\t\t\t<\/div>\n\t\t","protected":false},"excerpt":{"rendered":"<p>Licenciatura en Dise\u00f1o de Indumentaria Esc\u00e9nica y Urbana Duraci\u00f3n: 8 ciclos &#8211; 4 a\u00f1os Perfil del Egresado El egresado de la carrera est\u00e1 preparado para desenvolverse como dise\u00f1adores creativos de vestuarios de fiestas y espect\u00e1culos, indumentaria industrial, deportiva, uniformes, al tiempo de&#8230;<\/p>\n","protected":false},"author":1,"featured_media":2560,"parent":0,"menu_order":0,"comment_status":"closed","ping_status":"closed","template":"","meta":{"footnotes":""},"class_list":["post-11","page","type-page","status-publish","has-post-thumbnail","hentry"],"_links":{"self":[{"href":"https:\/\/fada.una.py\/isa\/wp-json\/wp\/v2\/pages\/11","targetHints":{"allow":["GET"]}}],"collection":[{"href":"https:\/\/fada.una.py\/isa\/wp-json\/wp\/v2\/pages"}],"about":[{"href":"https:\/\/fada.una.py\/isa\/wp-json\/wp\/v2\/types\/page"}],"author":[{"embeddable":true,"href":"https:\/\/fada.una.py\/isa\/wp-json\/wp\/v2\/users\/1"}],"replies":[{"embeddable":true,"href":"https:\/\/fada.una.py\/isa\/wp-json\/wp\/v2\/comments?post=11"}],"version-history":[{"count":29,"href":"https:\/\/fada.una.py\/isa\/wp-json\/wp\/v2\/pages\/11\/revisions"}],"predecessor-version":[{"id":3315,"href":"https:\/\/fada.una.py\/isa\/wp-json\/wp\/v2\/pages\/11\/revisions\/3315"}],"wp:featuredmedia":[{"embeddable":true,"href":"https:\/\/fada.una.py\/isa\/wp-json\/wp\/v2\/media\/2560"}],"wp:attachment":[{"href":"https:\/\/fada.una.py\/isa\/wp-json\/wp\/v2\/media?parent=11"}],"curies":[{"name":"wp","href":"https:\/\/api.w.org\/{rel}","templated":true}]}}