{"id":8,"date":"2023-05-12T15:42:05","date_gmt":"2023-05-12T15:42:05","guid":{"rendered":"https:\/\/fada.una.py\/fooddesign2023\/?page_id=8"},"modified":"2023-10-13T13:05:18","modified_gmt":"2023-10-13T13:05:18","slug":"home","status":"publish","type":"page","link":"https:\/\/fada.una.py\/fooddesign2023\/","title":{"rendered":"Home"},"content":{"rendered":"\t\t<div data-elementor-type=\"wp-page\" data-elementor-id=\"8\" class=\"elementor elementor-8\">\n\t\t\t\t\t\t\t<div class=\"elementor-element elementor-element-9c17c1d e-con-full e-flex e-con\" data-id=\"9c17c1d\" data-element_type=\"container\" data-settings=\"{&quot;content_width&quot;:&quot;full&quot;}\">\n\t\t\t\t<div class=\"elementor-element elementor-element-a102c9c elementor-widget elementor-widget-image\" data-id=\"a102c9c\" data-element_type=\"widget\" data-widget_type=\"image.default\">\n\t\t\t\t<div class=\"elementor-widget-container\">\n\t\t\t<style>\/*! elementor - v3.13.2 - 11-05-2023 *\/\n.elementor-widget-image{text-align:center}.elementor-widget-image a{display:inline-block}.elementor-widget-image a img[src$=\".svg\"]{width:48px}.elementor-widget-image img{vertical-align:middle;display:inline-block}<\/style>\t\t\t\t\t\t\t\t\t\t\t\t<img loading=\"lazy\" decoding=\"async\" width=\"2481\" height=\"529\" src=\"https:\/\/fada.una.py\/fooddesign2023\/wp-content\/uploads\/2023\/10\/ENCABEZADO_NUEVO.jpg\" class=\"attachment-full size-full wp-image-337\" alt=\"\" srcset=\"https:\/\/fada.una.py\/fooddesign2023\/wp-content\/uploads\/2023\/10\/ENCABEZADO_NUEVO.jpg 2481w, https:\/\/fada.una.py\/fooddesign2023\/wp-content\/uploads\/2023\/10\/ENCABEZADO_NUEVO-300x64.jpg 300w, https:\/\/fada.una.py\/fooddesign2023\/wp-content\/uploads\/2023\/10\/ENCABEZADO_NUEVO-1024x218.jpg 1024w, https:\/\/fada.una.py\/fooddesign2023\/wp-content\/uploads\/2023\/10\/ENCABEZADO_NUEVO-768x164.jpg 768w, https:\/\/fada.una.py\/fooddesign2023\/wp-content\/uploads\/2023\/10\/ENCABEZADO_NUEVO-1536x328.jpg 1536w, https:\/\/fada.una.py\/fooddesign2023\/wp-content\/uploads\/2023\/10\/ENCABEZADO_NUEVO-2048x437.jpg 2048w\" sizes=\"auto, (max-width: 2481px) 100vw, 2481px\" \/>\t\t\t\t\t\t\t\t\t\t\t\t\t\t\t<\/div>\n\t\t\t\t<\/div>\n\t\t\t\t<\/div>\n\t\t<div class=\"elementor-element elementor-element-656fc03 e-con-boxed e-flex e-con\" data-id=\"656fc03\" data-element_type=\"container\" data-settings=\"{&quot;background_background&quot;:&quot;classic&quot;,&quot;content_width&quot;:&quot;boxed&quot;}\">\n\t\t\t\t\t<div class=\"e-con-inner\">\n\t\t\t\t<div class=\"elementor-element elementor-element-0148245 elementor-widget elementor-widget-text-editor\" data-id=\"0148245\" data-element_type=\"widget\" data-widget_type=\"text-editor.default\">\n\t\t\t\t<div class=\"elementor-widget-container\">\n\t\t\t<style>\/*! elementor - v3.13.2 - 11-05-2023 *\/\n.elementor-widget-text-editor.elementor-drop-cap-view-stacked .elementor-drop-cap{background-color:#69727d;color:#fff}.elementor-widget-text-editor.elementor-drop-cap-view-framed .elementor-drop-cap{color:#69727d;border:3px solid;background-color:transparent}.elementor-widget-text-editor:not(.elementor-drop-cap-view-default) .elementor-drop-cap{margin-top:8px}.elementor-widget-text-editor:not(.elementor-drop-cap-view-default) .elementor-drop-cap-letter{width:1em;height:1em}.elementor-widget-text-editor .elementor-drop-cap{float:left;text-align:center;line-height:1;font-size:50px}.elementor-widget-text-editor .elementor-drop-cap-letter{display:inline-block}<\/style>\t\t\t\t<p>El 11\u00ba Encuentro de la Red Latinoamericana de Food Design, que se llevar\u00e1 a cabo en Paraguay, nos permitir\u00e1 entablar di\u00e1logos, colaborar, aprender y co-crear en torno a los conocimientos alimentarios que convergen en nuestro territorio y buscan ampliar las perspectivas y sabidur\u00edas de Am\u00e9rica Latina en el ecosistema de los alimentos.<\/p><p>El objetivo del Encuentro es impulsar acciones colectivas que enriquecen y fortalecen la participaci\u00f3n de la sociedad, las empresas y el Estado, explorando diversos sabores, texturas y aromas propios de las culturas gastron\u00f3micas de las diferentes regiones que se congregan en este espacio.<\/p>\t\t\t\t\t\t<\/div>\n\t\t\t\t<\/div>\n\t\t\t\t\t<\/div>\n\t\t\t\t<\/div>\n\t\t<div class=\"elementor-element elementor-element-e1a0b03 e-con-boxed e-flex e-con\" data-id=\"e1a0b03\" data-element_type=\"container\" data-settings=\"{&quot;background_background&quot;:&quot;classic&quot;,&quot;content_width&quot;:&quot;boxed&quot;}\">\n\t\t\t\t\t<div class=\"e-con-inner\">\n\t\t\t\t<div class=\"elementor-element elementor-element-905db5b elementor-widget elementor-widget-heading\" data-id=\"905db5b\" data-element_type=\"widget\" data-widget_type=\"heading.default\">\n\t\t\t\t<div class=\"elementor-widget-container\">\n\t\t\t<style>\/*! elementor - v3.13.2 - 11-05-2023 *\/\n.elementor-heading-title{padding:0;margin:0;line-height:1}.elementor-widget-heading .elementor-heading-title[class*=elementor-size-]>a{color:inherit;font-size:inherit;line-height:inherit}.elementor-widget-heading .elementor-heading-title.elementor-size-small{font-size:15px}.elementor-widget-heading .elementor-heading-title.elementor-size-medium{font-size:19px}.elementor-widget-heading .elementor-heading-title.elementor-size-large{font-size:29px}.elementor-widget-heading .elementor-heading-title.elementor-size-xl{font-size:39px}.elementor-widget-heading .elementor-heading-title.elementor-size-xxl{font-size:59px}<\/style><h2 class=\"elementor-heading-title elementor-size-default\">Actividades<\/h2>\t\t<\/div>\n\t\t\t\t<\/div>\n\t\t\t\t\t<\/div>\n\t\t\t\t<\/div>\n\t\t<div class=\"elementor-element elementor-element-acf8598 e-con-boxed e-flex e-con\" data-id=\"acf8598\" data-element_type=\"container\" data-settings=\"{&quot;background_background&quot;:&quot;classic&quot;,&quot;content_width&quot;:&quot;boxed&quot;}\">\n\t\t\t\t\t<div class=\"e-con-inner\">\n\t\t\t\t<div class=\"elementor-element elementor-element-ee5e30c elementor-widget elementor-widget-text-editor\" data-id=\"ee5e30c\" data-element_type=\"widget\" data-widget_type=\"text-editor.default\">\n\t\t\t\t<div class=\"elementor-widget-container\">\n\t\t\t\t\t\t\t<p>Es una invitaci\u00f3n para todas las personas que buscan mejorar la relaci\u00f3n entre los alimentos y las personas, en conjunto con la cultura alimentaria.<\/p><p>Se llevar\u00e1n a cabo diversas actividades como ponencias, talleres, ferias y exposiciones, con el objetivo de llegar a un p\u00fablico din\u00e1mico, que incluye a la comunidad de agricultores, emprendedores, universitarios, organizaciones, empresas, entre otros.<\/p><p>Todas las actividades que se desarrollen ser\u00e1n de inscripci\u00f3n previa gratuita.<\/p>\t\t\t\t\t\t<\/div>\n\t\t\t\t<\/div>\n\t\t\t\t\t<\/div>\n\t\t\t\t<\/div>\n\t\t<div class=\"elementor-element elementor-element-c223130 e-con-boxed e-flex e-con\" data-id=\"c223130\" data-element_type=\"container\" data-settings=\"{&quot;background_background&quot;:&quot;classic&quot;,&quot;content_width&quot;:&quot;boxed&quot;}\">\n\t\t\t\t\t<div class=\"e-con-inner\">\n\t\t\t\t<div class=\"elementor-element elementor-element-5fbeae6 elementor-widget elementor-widget-heading\" data-id=\"5fbeae6\" data-element_type=\"widget\" data-widget_type=\"heading.default\">\n\t\t\t\t<div class=\"elementor-widget-container\">\n\t\t\t<h2 class=\"elementor-heading-title elementor-size-default\">Convocatorias<\/h2>\t\t<\/div>\n\t\t\t\t<\/div>\n\t\t\t\t\t<\/div>\n\t\t\t\t<\/div>\n\t\t<div class=\"elementor-element elementor-element-2135963 e-con-boxed e-flex e-con\" data-id=\"2135963\" data-element_type=\"container\" data-settings=\"{&quot;background_background&quot;:&quot;classic&quot;,&quot;content_width&quot;:&quot;boxed&quot;}\">\n\t\t\t\t\t<div class=\"e-con-inner\">\n\t\t\t\t<div class=\"elementor-element elementor-element-5e00e43 elementor-widget elementor-widget-text-editor\" data-id=\"5e00e43\" data-element_type=\"widget\" data-widget_type=\"text-editor.default\">\n\t\t\t\t<div class=\"elementor-widget-container\">\n\t\t\t\t\t\t\t<h3 dir=\"ltr\">Ejes tem\u00e1ticos<\/h3><p dir=\"ltr\">Como ejes motivadores de las contribuciones, este Foro convoca a proposiciones y\/o reflexiones acerca de las pr\u00e1cticas, abordajes (formas de ser y hacer), iniciativas y visiones antropoculturales concretas acerca del intercambio, la transformaci\u00f3n y las acciones en los sistemas alimentarios locales y\/o regionales. Estas reflexiones deben encarnar las caracter\u00edsticas particulares del lugar y contexto desde donde emergen. Se recibir\u00e1n contribuciones te\u00f3ricas o cr\u00edticas, testimonios de proyectos o procesos en marcha, as\u00ed como iniciativas emergentes o hist\u00f3ricas que incluyan:<\/p><ul><li dir=\"ltr\" aria-level=\"1\"><p dir=\"ltr\" role=\"presentation\"><strong>Intervenciones del dise\u00f1o en los (eco)sistemas alimentarios locales y\/o regionales para la producci\u00f3n, procesamiento, transporte, comercio y consumo de alimentos, considerando tambi\u00e9n los efectos en el medio ambiente<\/strong><\/p><\/li><li dir=\"ltr\" aria-level=\"1\"><p dir=\"ltr\" role=\"presentation\"><strong>Abordajes multi, inter o transdisciplinares en los (eco)sistemas alimentarios locales y\/o regionales para identificar, proteger, transformar y comunicar las culturas alimentarias locales y\/o regionales.<\/strong><\/p><\/li><\/ul><h3 dir=\"ltr\">Modalidades<\/h3><p dir=\"ltr\">Este encuentro se propone recibir contribuciones en formato:<\/p><ol><li dir=\"ltr\" aria-level=\"1\"><p dir=\"ltr\" role=\"presentation\"><strong>Ensayos<\/strong><\/p><\/li><li dir=\"ltr\" aria-level=\"1\"><p dir=\"ltr\" role=\"presentation\"><strong>P\u00f3ster<\/strong><\/p><\/li><li dir=\"ltr\" aria-level=\"1\"><p dir=\"ltr\" role=\"presentation\"><strong>Foto ensayo<\/strong><\/p><\/li><li dir=\"ltr\" aria-level=\"1\"><p dir=\"ltr\" role=\"presentation\"><strong>Audio visual (video documental, voscast y\/o podcast)<\/strong><\/p><\/li><\/ol><h3 dir=\"ltr\">Recepci\u00f3n de contribuciones<\/h3><p dir=\"ltr\"><strong>Ensayo y foto ensayo completo:<\/strong>\u00a0Hasta el 31 de agosto de 2023<\/p><p dir=\"ltr\"><strong>P\u00f3ster:<\/strong>\u00a0Hasta el 31 de agosto de 2023<\/p><p dir=\"ltr\"><strong>Audio\/visuales (video-documental, vodcast, podcast):<\/strong>\u00a0Hasta el 31 de agosto de 2023<\/p><p dir=\"ltr\"><strong>Fecha de aceptaci\u00f3n de todos los trabajos:<\/strong>\u00a015 de septiembre de 2023<\/p><p dir=\"ltr\"><strong>L\u00edmite de confirmaci\u00f3n y registro de participaci\u00f3n presencial en el Foro:<\/strong>\u00a029 de septiembre del 2023<\/p><h3 dir=\"ltr\">Consultas y env\u00edos<\/h3><p dir=\"ltr\">Env\u00edo de los trabajos completos (aplica para todas las modalidades):<\/p><p dir=\"ltr\">Solo uno de los autores debe enviar la propuesta en un archivo en Word y PDF al mail\u00a0<strong><a href=\"mailto:redlada.texturas@gmail.com\">redlada.encuentro11@gmail.com<\/a><\/strong><\/p><p>Ensayos y foto ensayos<\/p><ul><li><ul><li aria-level=\"1\"><b>Tipolog\u00eda:<\/b>\u00a0Ensayo breve (700-2000 palabras), o foto ensayo (10 a 15 im\u00e1genes).<\/li><li aria-level=\"1\"><b>Enfoque:<\/b>\u00a0sectores y tipos de actores que se integran, visiones de futuros o teor\u00edas de cambio y reflexi\u00f3n sobre el (potencial) rol del dise\u00f1o en este proceso.<\/li><li aria-level=\"1\"><b>Formatos opcionales:<\/b>\u00a0<ol><li aria-level=\"2\"><b>Ensayo:<\/b>\u00a0Base textual, con im\u00e1genes y\/o informaci\u00f3n enriquecida mediante enlaces a v\u00eddeos o audios alojados o publicados en otros medios. Documento tipo\u00a0<b>.doc \/.docx\u00a0<\/b>con una copia en archivo formato\u00a0<b>PDF<\/b>.<\/li><li aria-level=\"2\"><b>Foto ensayo:<\/b>\u00a0Relato construido esencialmente con fotograf\u00eda como lenguaje del contenido, con apoyo del texto muy breve y\/o enlaces a v\u00eddeos o audios alojados o publicados en otros medios. Documento tipo\u00a0<b>slide 1080(HD) 1920 x 1080 px<\/b>, formato\u00a0<b>PDF<\/b>.<\/li><\/ol><\/li><li aria-level=\"1\"><b>Pautas para el env\u00edo de ensayos<\/b><ul><li aria-level=\"3\"><b>T\u00edtulo del trabajo:<\/b>\u00a0describe y provoca desde el contenido de trabajo con el prop\u00f3sito de permitir que el lector identifique con facilidad la tem\u00e1tica.<\/li><li aria-level=\"3\"><b>Autor(es):<\/b>\u00a0m\u00e1ximo 3 autores por trabajo, incluir filiaci\u00f3n y mails de contacto<\/li><li aria-level=\"3\"><b>Palabras clave:<\/b>\u00a0presentar 5 palabras clave para facilitar b\u00fasquedas futuras<\/li><li aria-level=\"3\"><b>Resumen:<\/b>\u00a0texto entre 150 y 250 palabras en espa\u00f1ol, portugu\u00e9s e ingl\u00e9s<\/li><li aria-level=\"3\"><b>Cuerpo:<\/b>\u00a0texto hasta completar el l\u00edmite de 2000 palabras, organizado debidamente en apartados: Introducci\u00f3n, Desarrollo, Resultados, Discusi\u00f3n, Bibliograf\u00eda.<\/li><li aria-level=\"3\"><b>Im\u00e1genes:<\/b>\u00a0hasta 6 im\u00e1genes optimizadas.<\/li><\/ul><\/li><\/ul><\/li><li aria-level=\"3\"><b>Formato documento:\u00a0<\/b>archivo de texto .doc o .docx con copia PDF.<\/li><li><ul><li aria-level=\"1\"><b>Pautas para el env\u00edo de<\/b>\u00a0<b>fotoensayos<\/b><ul><li aria-level=\"3\"><b>T\u00edtulo del trabajo:\u00a0<\/b>describe y provoca desde el contenido de trabajo con el prop\u00f3sito de permitir que el lector identifique con facilidad la tem\u00e1tica.<\/li><li aria-level=\"3\"><b>Autor(es):<\/b>\u00a0m\u00e1ximo 3 autores por trabajo, incluir filiaci\u00f3n y mails de contacto<\/li><li aria-level=\"3\"><b>Palabras clave:<\/b>\u00a0presentar 5 palabras clave para facilitar b\u00fasquedas futuras<\/li><li aria-level=\"3\"><b>Cuerpo:\u00a0<\/b>hasta 20 im\u00e1genes optimizadas, con textos de apoyo, numerados y con referencias al texto espec\u00edfico de apoyo.<\/li><\/ul><\/li><\/ul><\/li><\/ul><ul><li aria-level=\"3\"><b>Bibliograf\u00eda y\/o recursos<\/b>\u00a0(basados en norma APA)<\/li><\/ul><ul><li aria-level=\"3\"><b>Formato documento:\u00a0<\/b>Tipo slides, con resoluci\u00f3n 1080 (HD) 1920 x 1080 px, en archivo PDF.<\/li><\/ul><p>P\u00f3ster<\/p><ul><li aria-level=\"1\"><b>Tipolog\u00eda:\u00a0<\/b>P\u00f3ster digital, 3000 x 2000 px (orientaci\u00f3n horizontal) a 72 dpi, en archivo formato PDF y copia en JPG.<\/li><li aria-level=\"1\"><b>Informaci\u00f3n a incluir:\u00a0<\/b>t\u00edtulo, autor\/es, instituci\u00f3n, entre 3 y 5 palabras clave o hashtags, un texto breve (m\u00e1ximo 500 palabras) e im\u00e1genes.<\/li><\/ul><p>Audiovisuales<\/p><ul><li aria-level=\"1\"><b>Tipolog\u00eda:\u00a0<\/b>Ensayo audiovisual y\/o episodios en video y\/o audio (vodcast \/ podcast) con una duraci\u00f3n m\u00e1xima de 60 minutos.<\/li><li aria-level=\"1\"><b>Enfoque:<\/b>\u00a0sectores y tipos de actores que se integran, visiones de futuros o teor\u00edas de cambio y reflexi\u00f3n sobre el (potencial) rol del dise\u00f1o en este proceso.<\/li><li aria-level=\"1\"><b>Informaci\u00f3n a incluir:\u00a0<\/b>t\u00edtulo, autor\/es, instituci\u00f3n, entre 3 y 5 palabras clave o hashtags, un texto breve (m\u00e1ximo 500 palabras)\u00a0<\/li><li aria-level=\"1\"><b>Formato:\u00a0<\/b><ol><li aria-level=\"2\">Video documental \/ Vodcast:\u00a0Enlace de inserci\u00f3n html en un PDF<\/li><li aria-level=\"2\">Podcast:\u00a0Enlace de inserci\u00f3n de audio html en un archivo PDF<\/li><\/ol><\/li><\/ul>\t\t\t\t\t\t<\/div>\n\t\t\t\t<\/div>\n\t\t\t\t\t<\/div>\n\t\t\t\t<\/div>\n\t\t<div class=\"elementor-element elementor-element-c067045 e-con-boxed e-flex e-con\" data-id=\"c067045\" data-element_type=\"container\" data-settings=\"{&quot;background_background&quot;:&quot;classic&quot;,&quot;content_width&quot;:&quot;boxed&quot;}\">\n\t\t\t\t\t<div class=\"e-con-inner\">\n\t\t\t\t<div class=\"elementor-element elementor-element-a13a310 elementor-widget elementor-widget-heading\" data-id=\"a13a310\" data-element_type=\"widget\" data-widget_type=\"heading.default\">\n\t\t\t\t<div class=\"elementor-widget-container\">\n\t\t\t<h2 class=\"elementor-heading-title elementor-size-default\">Agenda del evento<\/h2>\t\t<\/div>\n\t\t\t\t<\/div>\n\t\t\t\t\t<\/div>\n\t\t\t\t<\/div>\n\t\t<div class=\"elementor-element elementor-element-e326e87 e-con-boxed e-flex e-con\" data-id=\"e326e87\" data-element_type=\"container\" data-settings=\"{&quot;background_background&quot;:&quot;classic&quot;,&quot;content_width&quot;:&quot;boxed&quot;}\">\n\t\t\t\t\t<div class=\"e-con-inner\">\n\t\t\t\t<div class=\"elementor-element elementor-element-6ddc976 elementor-align-center elementor-widget elementor-widget-button\" data-id=\"6ddc976\" data-element_type=\"widget\" data-widget_type=\"button.default\">\n\t\t\t\t<div class=\"elementor-widget-container\">\n\t\t\t\t\t<div class=\"elementor-button-wrapper\">\n\t\t\t<a href=\"https:\/\/drive.google.com\/drive\/folders\/1PRoFA0l-zqJh2SfazRteocaXoYOyc8Ic?usp=drive_link\" target=\"_blank\" class=\"elementor-button-link elementor-button elementor-size-sm\" role=\"button\">\n\t\t\t\t\t\t<span class=\"elementor-button-content-wrapper\">\n\t\t\t\t\t\t<span class=\"elementor-button-text\">Descargar AGENDA completa<\/span>\n\t\t<\/span>\n\t\t\t\t\t<\/a>\n\t\t<\/div>\n\t\t\t\t<\/div>\n\t\t\t\t<\/div>\n\t\t\t\t\t<\/div>\n\t\t\t\t<\/div>\n\t\t<div class=\"elementor-element elementor-element-c166676 e-con-boxed e-flex e-con\" data-id=\"c166676\" data-element_type=\"container\" data-settings=\"{&quot;background_background&quot;:&quot;classic&quot;,&quot;content_width&quot;:&quot;boxed&quot;}\">\n\t\t\t\t\t<div class=\"e-con-inner\">\n\t\t\t\t<div class=\"elementor-element elementor-element-b03235a elementor-widget__width-auto elementor-widget elementor-widget-heading\" data-id=\"b03235a\" data-element_type=\"widget\" data-widget_type=\"heading.default\">\n\t\t\t\t<div class=\"elementor-widget-container\">\n\t\t\t<h2 class=\"elementor-heading-title elementor-size-default\">Lugar<\/h2>\t\t<\/div>\n\t\t\t\t<\/div>\n\t\t\t\t\t<\/div>\n\t\t\t\t<\/div>\n\t\t<div class=\"elementor-element elementor-element-5c805c0 e-con-full e-flex e-con\" data-id=\"5c805c0\" data-element_type=\"container\" data-settings=\"{&quot;background_background&quot;:&quot;classic&quot;,&quot;content_width&quot;:&quot;full&quot;}\">\n\t\t\t\t<div class=\"elementor-element elementor-element-f89e079 elementor-widget__width-initial elementor-widget elementor-widget-text-editor\" data-id=\"f89e079\" data-element_type=\"widget\" data-widget_type=\"text-editor.default\">\n\t\t\t\t<div class=\"elementor-widget-container\">\n\t\t\t\t\t\t\t<p dir=\"ltr\"><strong>Facultad de Arquitectura, Dise\u00f1o y Arte<\/strong><\/p><p dir=\"ltr\">Universidad Nacional de Asunci\u00f3n, Paraguay<\/p><p dir=\"ltr\">Avda. Mariscal L\u00f3pez, Campus Universitario &#8211; San Lorenzo, PY<\/p>\t\t\t\t\t\t<\/div>\n\t\t\t\t<\/div>\n\t\t\t\t<div class=\"elementor-element elementor-element-5416adb elementor-widget elementor-widget-text-editor\" data-id=\"5416adb\" data-element_type=\"widget\" data-widget_type=\"text-editor.default\">\n\t\t\t\t<div class=\"elementor-widget-container\">\n\t\t\t\t\t\t\t<p dir=\"ltr\"><strong>Facultad de Ciencias Veterinarias<\/strong><\/p><p dir=\"ltr\">Universidad Nacional de Asunci\u00f3n, Paraguay<\/p><p dir=\"ltr\">Avda. Mariscal L\u00f3pez, Campus Universitario &#8211; San Lorenzo, PY<\/p>\t\t\t\t\t\t<\/div>\n\t\t\t\t<\/div>\n\t\t<div class=\"elementor-element elementor-element-5063a0b e-con-full e-flex e-con\" data-id=\"5063a0b\" data-element_type=\"container\" data-settings=\"{&quot;content_width&quot;:&quot;full&quot;}\">\n\t\t\t\t<div class=\"elementor-element elementor-element-6a38885 elementor-widget__width-initial elementor-widget elementor-widget-text-editor\" data-id=\"6a38885\" data-element_type=\"widget\" data-widget_type=\"text-editor.default\">\n\t\t\t\t<div class=\"elementor-widget-container\">\n\t\t\t\t\t\t\t<p dir=\"ltr\"><strong>Facultad de Polit\u00e9cnica<\/strong><\/p><p dir=\"ltr\">Universidad Nacional de Asunci\u00f3n, Paraguay<\/p><p dir=\"ltr\">Avda. Mariscal L\u00f3pez, Campus Universitario &#8211; San Lorenzo, PY<\/p>\t\t\t\t\t\t<\/div>\n\t\t\t\t<\/div>\n\t\t\t\t<\/div>\n\t\t<div class=\"elementor-element elementor-element-8449991 e-con-full e-flex e-con\" data-id=\"8449991\" data-element_type=\"container\" data-settings=\"{&quot;content_width&quot;:&quot;full&quot;}\">\n\t\t\t\t<div class=\"elementor-element elementor-element-74b1c6a elementor-widget elementor-widget-text-editor\" data-id=\"74b1c6a\" data-element_type=\"widget\" data-widget_type=\"text-editor.default\">\n\t\t\t\t<div class=\"elementor-widget-container\">\n\t\t\t\t\t\t\t<p dir=\"ltr\"><strong>Facultad de Ciencias Qu\u00edmicas<\/strong><\/p>\n<p dir=\"ltr\">Universidad Nacional de Asunci\u00f3n, Paraguay<\/p>\n<p dir=\"ltr\">Avda. Mariscal L\u00f3pez, Campus Universitario &#8211; San Lorenzo, PY<\/p>\t\t\t\t\t\t<\/div>\n\t\t\t\t<\/div>\n\t\t\t\t<\/div>\n\t\t\t\t<div class=\"elementor-element elementor-element-75a8fbf elementor-widget elementor-widget-text-editor\" data-id=\"75a8fbf\" data-element_type=\"widget\" data-widget_type=\"text-editor.default\">\n\t\t\t\t<div class=\"elementor-widget-container\">\n\t\t\t\t\t\t\t<p dir=\"ltr\"><strong>Facultad de Ciencias Agrarias<\/strong><\/p><p dir=\"ltr\">Universidad Nacional de Asunci\u00f3n, Paraguay<\/p><p dir=\"ltr\">Avda. Mariscal L\u00f3pez, Campus Universitario &#8211; San Lorenzo, PY<\/p>\t\t\t\t\t\t<\/div>\n\t\t\t\t<\/div>\n\t\t\t\t<div class=\"elementor-element elementor-element-7159afe elementor-widget__width-initial elementor-widget elementor-widget-text-editor\" data-id=\"7159afe\" data-element_type=\"widget\" data-widget_type=\"text-editor.default\">\n\t\t\t\t<div class=\"elementor-widget-container\">\n\t\t\t\t\t\t\t<p dir=\"ltr\"><strong>Centro Gastron\u00f3mico Gar\u00f3falo<\/strong><\/p><p dir=\"ltr\">Teniente H\u00e9ctor Vera casi San Mart\u00edn\u00a0 &#8211; Asunci\u00f3n, PY<\/p>\t\t\t\t\t\t<\/div>\n\t\t\t\t<\/div>\n\t\t\t\t<\/div>\n\t\t<div class=\"elementor-element elementor-element-197ccf7 elementor-hidden-mobile e-con-boxed e-flex e-con\" data-id=\"197ccf7\" data-element_type=\"container\" data-settings=\"{&quot;background_background&quot;:&quot;classic&quot;,&quot;content_width&quot;:&quot;boxed&quot;}\">\n\t\t\t\t\t<div class=\"e-con-inner\">\n\t\t\t\t<div class=\"elementor-element elementor-element-29adfad elementor-widget elementor-widget-spacer\" data-id=\"29adfad\" data-element_type=\"widget\" data-widget_type=\"spacer.default\">\n\t\t\t\t<div class=\"elementor-widget-container\">\n\t\t\t<style>\/*! elementor - v3.13.2 - 11-05-2023 *\/\n.elementor-column .elementor-spacer-inner{height:var(--spacer-size)}.e-con{--container-widget-width:100%}.e-con-inner>.elementor-widget-spacer,.e-con>.elementor-widget-spacer{width:var(--container-widget-width,var(--spacer-size));--align-self:var(--container-widget-align-self,initial);--flex-shrink:0}.e-con-inner>.elementor-widget-spacer>.elementor-widget-container,.e-con-inner>.elementor-widget-spacer>.elementor-widget-container>.elementor-spacer,.e-con>.elementor-widget-spacer>.elementor-widget-container,.e-con>.elementor-widget-spacer>.elementor-widget-container>.elementor-spacer{height:100%}.e-con-inner>.elementor-widget-spacer>.elementor-widget-container>.elementor-spacer>.elementor-spacer-inner,.e-con>.elementor-widget-spacer>.elementor-widget-container>.elementor-spacer>.elementor-spacer-inner{height:var(--container-widget-height,var(--spacer-size))}<\/style>\t\t<div class=\"elementor-spacer\">\n\t\t\t<div class=\"elementor-spacer-inner\"><\/div>\n\t\t<\/div>\n\t\t\t\t<\/div>\n\t\t\t\t<\/div>\n\t\t\t\t\t<\/div>\n\t\t\t\t<\/div>\n\t\t\t\t\t\t\t<\/div>\n\t\t","protected":false},"excerpt":{"rendered":"<p>El 11\u00ba Encuentro de la Red Latinoamericana de Food Design, que se llevar\u00e1 a cabo en Paraguay, nos permitir\u00e1 entablar di\u00e1logos, colaborar, aprender y co-crear en torno a los conocimientos alimentarios que convergen en nuestro territorio y buscan ampliar las perspectivas y sabidur\u00edas de Am\u00e9rica Latina en el ecosistema de los alimentos. El objetivo del [&hellip;]<\/p>\n","protected":false},"author":1,"featured_media":0,"parent":0,"menu_order":0,"comment_status":"closed","ping_status":"closed","template":"","meta":{"footnotes":""},"class_list":["post-8","page","type-page","status-publish","hentry"],"_links":{"self":[{"href":"https:\/\/fada.una.py\/fooddesign2023\/wp-json\/wp\/v2\/pages\/8","targetHints":{"allow":["GET"]}}],"collection":[{"href":"https:\/\/fada.una.py\/fooddesign2023\/wp-json\/wp\/v2\/pages"}],"about":[{"href":"https:\/\/fada.una.py\/fooddesign2023\/wp-json\/wp\/v2\/types\/page"}],"author":[{"embeddable":true,"href":"https:\/\/fada.una.py\/fooddesign2023\/wp-json\/wp\/v2\/users\/1"}],"replies":[{"embeddable":true,"href":"https:\/\/fada.una.py\/fooddesign2023\/wp-json\/wp\/v2\/comments?post=8"}],"version-history":[{"count":89,"href":"https:\/\/fada.una.py\/fooddesign2023\/wp-json\/wp\/v2\/pages\/8\/revisions"}],"predecessor-version":[{"id":397,"href":"https:\/\/fada.una.py\/fooddesign2023\/wp-json\/wp\/v2\/pages\/8\/revisions\/397"}],"wp:attachment":[{"href":"https:\/\/fada.una.py\/fooddesign2023\/wp-json\/wp\/v2\/media?parent=8"}],"curies":[{"name":"wp","href":"https:\/\/api.w.org\/{rel}","templated":true}]}}