{"id":856,"date":"2021-11-01T21:18:43","date_gmt":"2021-11-01T21:18:43","guid":{"rendered":"https:\/\/fada.una.py\/espaciopublicodelama\/?page_id=856"},"modified":"2021-11-01T21:31:59","modified_gmt":"2021-11-01T21:31:59","slug":"socializacion-del-proyecto","status":"publish","type":"page","link":"https:\/\/fada.una.py\/espaciopublicodelama\/socializacion-del-proyecto\/","title":{"rendered":"Socializaci\u00f3n del Proyecto"},"content":{"rendered":"\t\t<div data-elementor-type=\"wp-page\" data-elementor-id=\"856\" class=\"elementor elementor-856\">\n\t\t\t\t\t\t<section class=\"elementor-section elementor-top-section elementor-element elementor-element-9424f2d elementor-section-content-middle elementor-section-stretched elementor-section-boxed elementor-section-height-default elementor-section-height-default jltma-glass-effect-no elementor-invisible\" data-id=\"9424f2d\" data-element_type=\"section\" data-e-type=\"section\" data-settings=\"{&quot;background_background&quot;:&quot;classic&quot;,&quot;stretch_section&quot;:&quot;section-stretched&quot;,&quot;animation&quot;:&quot;fadeIn&quot;}\">\n\t\t\t\t\t\t<div class=\"elementor-container elementor-column-gap-default\">\n\t\t\t\t\t<div class=\"elementor-column elementor-col-33 elementor-top-column elementor-element elementor-element-f438d3c jltma-glass-effect-no\" data-id=\"f438d3c\" data-element_type=\"column\" data-e-type=\"column\">\n\t\t\t<div class=\"elementor-widget-wrap elementor-element-populated\">\n\t\t\t\t\t\t<div class=\"elementor-element elementor-element-386234b jltma-glass-effect-no elementor-widget elementor-widget-image\" data-id=\"386234b\" data-element_type=\"widget\" data-e-type=\"widget\" data-widget_type=\"image.default\">\n\t\t\t\t<div class=\"elementor-widget-container\">\n\t\t\t\t\t\t\t\t\t\t\t\t\t\t\t\t<a href=\"http:\/\/fada.una.py\/espaciopublicodelama\/\">\n\t\t\t\t\t\t\t<img decoding=\"async\" src=\"https:\/\/fada.una.py\/espaciopublicodelama\/wp-content\/uploads\/2021\/02\/Logo_simplificadoA.svg\" class=\"attachment-full size-full wp-image-143\" alt=\"\" \/>\t\t\t\t\t\t\t\t<\/a>\n\t\t\t\t\t\t\t\t\t\t\t\t\t\t\t<\/div>\n\t\t\t\t<\/div>\n\t\t\t\t\t<\/div>\n\t\t<\/div>\n\t\t\t\t<div class=\"elementor-column elementor-col-33 elementor-top-column elementor-element elementor-element-f2e3ca7 jltma-glass-effect-no\" data-id=\"f2e3ca7\" data-element_type=\"column\" data-e-type=\"column\">\n\t\t\t<div class=\"elementor-widget-wrap elementor-element-populated\">\n\t\t\t\t\t\t<div class=\"elementor-element elementor-element-d227e03 elementor-widget-mobile__width-inherit jltma-glass-effect-no elementor-widget elementor-widget-ekit-nav-menu\" data-id=\"d227e03\" data-element_type=\"widget\" data-e-type=\"widget\" data-widget_type=\"ekit-nav-menu.default\">\n\t\t\t\t<div class=\"elementor-widget-container\">\n\t\t\t\t\t\t\t<nav class=\"ekit-wid-con ekit_menu_responsive_tablet\"\n\t\t\tdata-hamburger-icon=\"icon icon-menu-button-of-three-horizontal-lines\"\n\t\t\tdata-hamburger-icon-type=\"icon\"\n\t\t\tdata-responsive-breakpoint=\"1024\">\n\t\t\t            <button class=\"elementskit-menu-hamburger elementskit-menu-toggler\"  type=\"button\" aria-label=\"hamburger-icon\">\n                <i aria-hidden=\"true\" class=\"ekit-menu-icon icon icon-menu-button-of-three-horizontal-lines\"><\/i>            <\/button>\n            <div id=\"ekit-megamenu-navegacion\" class=\"elementskit-menu-container elementskit-menu-offcanvas-elements elementskit-navbar-nav-default ekit-nav-menu-one-page-yes ekit-nav-dropdown-hover\"><ul id=\"menu-navegacion\" class=\"elementskit-navbar-nav elementskit-menu-po-center submenu-click-on-icon\"><li id=\"menu-item-194\" class=\"menu-item menu-item-type-custom menu-item-object-custom menu-item-194 nav-item elementskit-mobile-builder-content\" data-vertical-menu=750px><a href=\"#antecedentes\" class=\"ekit-menu-nav-link\">Antecedentes<\/a><\/li>\n<li id=\"menu-item-197\" class=\"menu-item menu-item-type-custom menu-item-object-custom menu-item-197 nav-item elementskit-mobile-builder-content\" data-vertical-menu=750px><a href=\"#objetivos\" class=\"ekit-menu-nav-link\">Objetivos<\/a><\/li>\n<li id=\"menu-item-198\" class=\"menu-item menu-item-type-custom menu-item-object-custom menu-item-198 nav-item elementskit-mobile-builder-content\" data-vertical-menu=750px><a href=\"#equipo\" class=\"ekit-menu-nav-link\">Equipo<\/a><\/li>\n<li id=\"menu-item-199\" class=\"menu-item menu-item-type-custom menu-item-object-custom menu-item-199 nav-item elementskit-mobile-builder-content\" data-vertical-menu=750px><a href=\"#financiacion\" class=\"ekit-menu-nav-link\">Financiaci\u00f3n y Ejecuci\u00f3n<\/a><\/li>\n<li id=\"menu-item-200\" class=\"menu-item menu-item-type-custom menu-item-object-custom menu-item-200 nav-item elementskit-mobile-builder-content\" data-vertical-menu=750px><a href=\"#metodologias\" class=\"ekit-menu-nav-link\">Metodolog\u00eda<\/a><\/li>\n<li id=\"menu-item-201\" class=\"menu-item menu-item-type-custom menu-item-object-custom menu-item-201 nav-item elementskit-mobile-builder-content\" data-vertical-menu=750px><a href=\"#blog\" class=\"ekit-menu-nav-link\">Noticias y Blog<\/a><\/li>\n<li id=\"menu-item-202\" class=\"menu-item menu-item-type-custom menu-item-object-custom menu-item-202 nav-item elementskit-mobile-builder-content\" data-vertical-menu=750px><a href=\"#contacto\" class=\"ekit-menu-nav-link\">Contacto<\/a><\/li>\n<\/ul><div class=\"elementskit-nav-identity-panel\"><a class=\"elementskit-nav-logo\" href=\"https:\/\/fada.una.py\/espaciopublicodelama\" target=\"\" rel=\"\"><img src=\"https:\/\/fada.una.py\/espaciopublicodelama\/wp-content\/uploads\/2021\/01\/Favicon_dinamicas-del-espacio-publico-del-ama.svg\" title=\"Favicon_dinamicas del espacio p\u00fablico del ama\" alt=\"Favicon_dinamicas del espacio p\u00fablico del ama\" decoding=\"async\" \/><\/a><button class=\"elementskit-menu-close elementskit-menu-toggler\" type=\"button\">X<\/button><\/div><\/div>\n\t\t\t<div class=\"elementskit-menu-overlay elementskit-menu-offcanvas-elements elementskit-menu-toggler ekit-nav-menu--overlay\"><\/div>        <\/nav>\n\t\t\t\t\t\t<\/div>\n\t\t\t\t<\/div>\n\t\t\t\t\t<\/div>\n\t\t<\/div>\n\t\t\t\t<div class=\"elementor-column elementor-col-33 elementor-top-column elementor-element elementor-element-2afaf01 jltma-glass-effect-no\" data-id=\"2afaf01\" data-element_type=\"column\" data-e-type=\"column\">\n\t\t\t<div class=\"elementor-widget-wrap elementor-element-populated\">\n\t\t\t\t\t\t<div class=\"elementor-element elementor-element-3909938 elementor-shape-rounded elementor-grid-0 e-grid-align-center jltma-glass-effect-no elementor-widget elementor-widget-social-icons\" data-id=\"3909938\" data-element_type=\"widget\" data-e-type=\"widget\" data-widget_type=\"social-icons.default\">\n\t\t\t\t<div class=\"elementor-widget-container\">\n\t\t\t\t\t\t\t<div class=\"elementor-social-icons-wrapper elementor-grid\" role=\"list\">\n\t\t\t\t\t\t\t<span class=\"elementor-grid-item\" role=\"listitem\">\n\t\t\t\t\t<a class=\"elementor-icon elementor-social-icon elementor-social-icon- elementor-animation-pulse elementor-repeater-item-9c7fff7\" href=\"https:\/\/web.facebook.com\/Din%C3%A1micas-del-Espacio-P%C3%BAblico-en-Asunci%C3%B3n-y-el-%C3%81rea-Metropolitana-100281658766950\" target=\"_blank\">\n\t\t\t\t\t\t<span class=\"elementor-screen-only\"><\/span>\n\t\t\t\t\t\t<svg xmlns=\"http:\/\/www.w3.org\/2000\/svg\" viewBox=\"-110 1 511 511.99996\"><path d=\"m180 512h-81.992188c-13.695312 0-24.835937-11.140625-24.835937-24.835938v-184.9375h-47.835937c-13.695313 0-24.835938-11.144531-24.835938-24.835937v-79.246094c0-13.695312 11.140625-24.835937 24.835938-24.835937h47.835937v-39.683594c0-39.347656 12.355469-72.824219 35.726563-96.804688 23.476562-24.089843 56.285156-36.820312 94.878906-36.820312l62.53125.101562c13.671875.023438 24.792968 11.164063 24.792968 24.835938v73.578125c0 13.695313-11.136718 24.835937-24.828124 24.835937l-42.101563.015626c-12.839844 0-16.109375 2.574218-16.808594 3.363281-1.152343 1.308593-2.523437 5.007812-2.523437 15.222656v31.351563h58.269531c4.386719 0 8.636719 1.082031 12.289063 3.121093 7.878906 4.402344 12.777343 12.726563 12.777343 21.722657l-.03125 79.246093c0 13.6875-11.140625 24.828125-24.835937 24.828125h-58.46875v184.941406c0 13.695313-11.144532 24.835938-24.839844 24.835938zm-76.8125-30.015625h71.632812v-193.195313c0-9.144531 7.441407-16.582031 16.582032-16.582031h66.726562l.027344-68.882812h-66.757812c-9.140626 0-16.578126-7.4375-16.578126-16.582031v-44.789063c0-11.726563 1.191407-25.0625 10.042969-35.085937 10.695313-12.117188 27.550781-13.515626 39.300781-13.515626l36.921876-.015624v-63.226563l-57.332032-.09375c-62.023437 0-100.566406 39.703125-100.566406 103.609375v53.117188c0 9.140624-7.4375 16.582031-16.578125 16.582031h-56.09375v68.882812h56.09375c9.140625 0 16.578125 7.4375 16.578125 16.582031zm163.0625-451.867187h.003906zm0 0\"><\/path><\/svg>\t\t\t\t\t<\/a>\n\t\t\t\t<\/span>\n\t\t\t\t\t\t\t<span class=\"elementor-grid-item\" role=\"listitem\">\n\t\t\t\t\t<a class=\"elementor-icon elementor-social-icon elementor-social-icon- elementor-animation-pulse elementor-repeater-item-2e33856\" href=\"https:\/\/www.instagram.com\/espaciopublicodelama\/\" target=\"_blank\">\n\t\t\t\t\t\t<span class=\"elementor-screen-only\"><\/span>\n\t\t\t\t\t\t<svg xmlns=\"http:\/\/www.w3.org\/2000\/svg\" xmlns:xlink=\"http:\/\/www.w3.org\/1999\/xlink\" id=\"Capa_1\" x=\"0px\" y=\"0px\" viewBox=\"0 0 512 512\" style=\"enable-background:new 0 0 512 512;\" xml:space=\"preserve\"><g>\t<g>\t\t<path d=\"M362,0H150C67.29,0,0,67.29,0,150v212c0,82.71,67.29,150,150,150h212c82.71,0,150-67.29,150-150V150    C512,67.29,444.71,0,362,0z M492,362c0,71.682-58.318,130-130,130H150c-71.682,0-130-58.318-130-130V150    C20,78.318,78.318,20,150,20h212c71.682,0,130,58.318,130,130V362z\"><\/path>\t<\/g><\/g><g>\t<g>\t\t<path d=\"M362,44H150C91.551,44,44,91.551,44,150v212c0,58.449,47.551,106,106,106h61c5.523,0,10-4.477,10-10s-4.477-10-10-10h-61    c-47.42,0-86-38.58-86-86V150c0-47.42,38.58-86,86-86h212c47.42,0,86,38.58,86,86v212c0,47.42-38.58,86-86,86h-60.333    c-5.523,0-10,4.477-10,10s4.477,10,10,10H362c58.449,0,106-47.551,106-106V150C468,91.551,420.449,44,362,44z\"><\/path>\t<\/g><\/g><g>\t<g>\t\t<path d=\"M263.07,450.93c-1.86-1.86-4.44-2.93-7.07-2.93s-5.21,1.07-7.07,2.93S246,455.37,246,458s1.07,5.21,2.93,7.07    S253.37,468,256,468s5.21-1.07,7.07-2.93c1.86-1.86,2.93-4.44,2.93-7.07S264.93,452.79,263.07,450.93z\"><\/path>\t<\/g><\/g><g>\t<g>\t\t<path d=\"M175.83,155.71c-3.777-4.03-10.104-4.236-14.135-0.461l-0.443,0.417c-4.017,3.79-4.201,10.119-0.41,14.136    c1.967,2.085,4.618,3.137,7.275,3.137c2.462,0,4.929-0.904,6.861-2.727l0.391-0.367C179.399,166.069,179.606,159.74,175.83,155.71    z\"><\/path>\t<\/g><\/g><g>\t<g>\t\t<path d=\"M256,118c-21.964,0-43.824,5.291-63.217,15.301c-4.907,2.533-6.832,8.565-4.299,13.473    c2.534,4.907,8.566,6.831,13.473,4.299C218.762,142.398,236.945,138,256,138c65.065,0,118,52.935,118,118s-52.935,118-118,118    s-118-52.935-118-118c0-20.419,5.295-40.537,15.313-58.178c2.727-4.802,1.045-10.906-3.758-13.634    c-4.803-2.726-10.906-1.045-13.634,3.758C124.197,208.592,118,232.125,118,256c0,76.093,61.907,138,138,138s138-61.907,138-138    S332.093,118,256,118z\"><\/path>\t<\/g><\/g><g>\t<g>\t\t<path d=\"M256,166c-49.626,0-90,40.374-90,90c0,49.626,40.374,90,90,90c49.626,0,90-40.374,90-90C346,206.374,305.626,166,256,166z     M256,326c-38.598,0-70-31.402-70-70c0-38.598,31.402-70,70-70c38.598,0,70,31.402,70,70C326,294.598,294.598,326,256,326z\"><\/path>\t<\/g><\/g><g>\t<g>\t\t<path d=\"M387.25,86.75c-20.953,0-38,17.047-38,38s17.047,38,38,38s38-17.047,38-38S408.203,86.75,387.25,86.75z M387.25,142.75    c-9.925,0-18-8.075-18-18s8.075-18,18-18s18,8.075,18,18S397.175,142.75,387.25,142.75z\"><\/path>\t<\/g><\/g><g><\/g><g><\/g><g><\/g><g><\/g><g><\/g><g><\/g><g><\/g><g><\/g><g><\/g><g><\/g><g><\/g><g><\/g><g><\/g><g><\/g><g><\/g><\/svg>\t\t\t\t\t<\/a>\n\t\t\t\t<\/span>\n\t\t\t\t\t<\/div>\n\t\t\t\t\t\t<\/div>\n\t\t\t\t<\/div>\n\t\t\t\t\t<\/div>\n\t\t<\/div>\n\t\t\t\t\t<\/div>\n\t\t<\/section>\n\t\t\t\t<section class=\"elementor-section elementor-top-section elementor-element elementor-element-d4857c3 elementor-section-boxed elementor-section-height-default elementor-section-height-default jltma-glass-effect-no\" data-id=\"d4857c3\" data-element_type=\"section\" data-e-type=\"section\" data-settings=\"{&quot;background_background&quot;:&quot;classic&quot;}\">\n\t\t\t\t\t\t<div class=\"elementor-container elementor-column-gap-default\">\n\t\t\t\t\t<div class=\"elementor-column elementor-col-100 elementor-top-column elementor-element elementor-element-31cfb6e jltma-glass-effect-no\" data-id=\"31cfb6e\" data-element_type=\"column\" data-e-type=\"column\">\n\t\t\t<div class=\"elementor-widget-wrap elementor-element-populated\">\n\t\t\t\t\t\t<div class=\"elementor-element elementor-element-c97ce81 jltma-glass-effect-no elementor-widget elementor-widget-video\" data-id=\"c97ce81\" data-element_type=\"widget\" data-e-type=\"widget\" data-settings=\"{&quot;youtube_url&quot;:&quot;https:\\\/\\\/youtu.be\\\/tDJVfAv-mxA&quot;,&quot;show_image_overlay&quot;:&quot;yes&quot;,&quot;image_overlay&quot;:{&quot;url&quot;:&quot;https:\\\/\\\/fada.una.py\\\/espaciopublicodelama\\\/wp-content\\\/uploads\\\/2021\\\/11\\\/Portada-Video-comprimido.jpeg&quot;,&quot;id&quot;:857,&quot;size&quot;:&quot;&quot;,&quot;alt&quot;:&quot;&quot;,&quot;source&quot;:&quot;library&quot;},&quot;autoplay&quot;:&quot;yes&quot;,&quot;play_on_mobile&quot;:&quot;yes&quot;,&quot;video_type&quot;:&quot;youtube&quot;}\" data-widget_type=\"video.default\">\n\t\t\t\t<div class=\"elementor-widget-container\">\n\t\t\t\t\t\t\t<div class=\"elementor-wrapper elementor-open-inline\">\n\t\t\t<div class=\"elementor-video\"><\/div>\t\t\t\t<div class=\"elementor-custom-embed-image-overlay\" style=\"background-image: url(https:\/\/fada.una.py\/espaciopublicodelama\/wp-content\/uploads\/2021\/11\/Portada-Video-comprimido.jpeg);\">\n\t\t\t\t\t\t\t\t\t\t\t\t\t\t\t\t<div class=\"elementor-custom-embed-play\" role=\"button\" aria-label=\"Reproducir v\u00eddeo\" tabindex=\"0\">\n\t\t\t\t\t\t\t<i aria-hidden=\"true\" class=\"eicon-play\"><\/i>\t\t\t\t\t\t<\/div>\n\t\t\t\t\t\t\t\t\t<\/div>\n\t\t\t\t\t<\/div>\n\t\t\t\t\t\t<\/div>\n\t\t\t\t<\/div>\n\t\t\t\t\t<\/div>\n\t\t<\/div>\n\t\t\t\t\t<\/div>\n\t\t<\/section>\n\t\t\t\t<section class=\"elementor-section elementor-top-section elementor-element elementor-element-e8e74a1 elementor-section-full_width elementor-section-height-default elementor-section-height-default jltma-glass-effect-no\" data-id=\"e8e74a1\" data-element_type=\"section\" data-e-type=\"section\">\n\t\t\t\t\t\t<div class=\"elementor-container elementor-column-gap-default\">\n\t\t\t\t\t<div class=\"elementor-column elementor-col-100 elementor-top-column elementor-element elementor-element-ed97f19 jltma-glass-effect-no\" data-id=\"ed97f19\" data-element_type=\"column\" data-e-type=\"column\" data-settings=\"{&quot;background_background&quot;:&quot;classic&quot;}\">\n\t\t\t<div class=\"elementor-widget-wrap elementor-element-populated\">\n\t\t\t\t\t\t<div class=\"elementor-element elementor-element-f1548be jltma-glass-effect-no elementor-widget elementor-widget-text-editor\" data-id=\"f1548be\" data-element_type=\"widget\" data-e-type=\"widget\" data-widget_type=\"text-editor.default\">\n\t\t\t\t<div class=\"elementor-widget-container\">\n\t\t\t\t\t\t\t\t\t<p style=\"text-align: center;\">Descarga la presentaci\u00f3n de la transmisi\u00f3n en el siguiente enlace:<\/p>\t\t\t\t\t\t\t\t<\/div>\n\t\t\t\t<\/div>\n\t\t\t\t<div class=\"elementor-element elementor-element-73a8ece elementor-align-center jltma-glass-effect-no elementor-widget elementor-widget-button\" data-id=\"73a8ece\" data-element_type=\"widget\" data-e-type=\"widget\" data-widget_type=\"button.default\">\n\t\t\t\t<div class=\"elementor-widget-container\">\n\t\t\t\t\t\t\t\t\t<div class=\"elementor-button-wrapper\">\n\t\t\t\t\t<a class=\"elementor-button elementor-button-link elementor-size-sm\" href=\"https:\/\/drive.google.com\/file\/d\/1hDnto2fbOC_Bn75w1RrF86J9O0BnDIK6\/view?usp=sharing\">\n\t\t\t\t\t\t<span class=\"elementor-button-content-wrapper\">\n\t\t\t\t\t\t\t\t\t<span class=\"elementor-button-text\">ACCEDER A LA PRESENTACI\u00d3N<\/span>\n\t\t\t\t\t<\/span>\n\t\t\t\t\t<\/a>\n\t\t\t\t<\/div>\n\t\t\t\t\t\t\t\t<\/div>\n\t\t\t\t<\/div>\n\t\t\t\t\t<\/div>\n\t\t<\/div>\n\t\t\t\t\t<\/div>\n\t\t<\/section>\n\t\t\t\t<section class=\"elementor-section elementor-top-section elementor-element elementor-element-7859036 elementor-section-full_width elementor-section-stretched elementor-section-height-default elementor-section-height-default jltma-glass-effect-no\" data-id=\"7859036\" data-element_type=\"section\" data-e-type=\"section\" data-settings=\"{&quot;stretch_section&quot;:&quot;section-stretched&quot;,&quot;background_background&quot;:&quot;classic&quot;}\">\n\t\t\t\t\t\t<div class=\"elementor-container elementor-column-gap-default\">\n\t\t\t\t\t<div class=\"elementor-column elementor-col-100 elementor-top-column elementor-element elementor-element-f1ae801 jltma-glass-effect-no\" data-id=\"f1ae801\" data-element_type=\"column\" data-e-type=\"column\">\n\t\t\t<div class=\"elementor-widget-wrap elementor-element-populated\">\n\t\t\t\t\t\t<div class=\"elementor-element elementor-element-ec6d74c jltma-glass-effect-no elementor-widget elementor-widget-text-editor\" data-id=\"ec6d74c\" data-element_type=\"widget\" data-e-type=\"widget\" data-widget_type=\"text-editor.default\">\n\t\t\t\t<div class=\"elementor-widget-container\">\n\t\t\t\t\t\t\t\t\t<p style=\"text-align: center;\">\u00abLa presente publicaci\u00f3n ha sido elaborada con el apoyo del CONACYT, el contenido de la misma es responsabilidad <br> exclusiva de los autores y en ning\u00fan caso se debe considerar que refleja la opini\u00f3n del CONACYT.\u00bb<\/p>\t\t\t\t\t\t\t\t<\/div>\n\t\t\t\t<\/div>\n\t\t\t\t\t<\/div>\n\t\t<\/div>\n\t\t\t\t\t<\/div>\n\t\t<\/section>\n\t\t\t\t<section class=\"elementor-section elementor-top-section elementor-element elementor-element-4ec5113 elementor-section-content-top elementor-section-boxed elementor-section-height-default elementor-section-height-default jltma-glass-effect-no\" data-id=\"4ec5113\" data-element_type=\"section\" data-e-type=\"section\" data-settings=\"{&quot;background_background&quot;:&quot;classic&quot;}\">\n\t\t\t\t\t\t<div class=\"elementor-container elementor-column-gap-default\">\n\t\t\t\t\t<div class=\"elementor-column elementor-col-25 elementor-top-column elementor-element elementor-element-4360546 jltma-glass-effect-no\" data-id=\"4360546\" data-element_type=\"column\" data-e-type=\"column\">\n\t\t\t<div class=\"elementor-widget-wrap elementor-element-populated\">\n\t\t\t\t\t\t<div class=\"elementor-element elementor-element-f95e9fe jltma-glass-effect-no elementor-widget elementor-widget-text-editor\" data-id=\"f95e9fe\" data-element_type=\"widget\" data-e-type=\"widget\" data-widget_type=\"text-editor.default\">\n\t\t\t\t<div class=\"elementor-widget-container\">\n\t\t\t\t\t\t\t\t\t<h4><strong>Contacto:<\/strong><\/h4><p><span style=\"font-weight: 400;\">Email: espaciopublico@fada.una.py<\/span><\/p>\t\t\t\t\t\t\t\t<\/div>\n\t\t\t\t<\/div>\n\t\t\t\t<div class=\"elementor-element elementor-element-69d13ba e-grid-align-left e-grid-align-mobile-center elementor-shape-rounded elementor-grid-0 jltma-glass-effect-no elementor-widget elementor-widget-social-icons\" data-id=\"69d13ba\" data-element_type=\"widget\" data-e-type=\"widget\" data-widget_type=\"social-icons.default\">\n\t\t\t\t<div class=\"elementor-widget-container\">\n\t\t\t\t\t\t\t<div class=\"elementor-social-icons-wrapper elementor-grid\" role=\"list\">\n\t\t\t\t\t\t\t<span class=\"elementor-grid-item\" role=\"listitem\">\n\t\t\t\t\t<a class=\"elementor-icon elementor-social-icon elementor-social-icon-facebook-f elementor-animation-pulse elementor-repeater-item-9c7fff7\" href=\"https:\/\/web.facebook.com\/Din%C3%A1micas-del-Espacio-P%C3%BAblico-en-Asunci%C3%B3n-y-el-%C3%81rea-Metropolitana-100281658766950\" target=\"_blank\">\n\t\t\t\t\t\t<span class=\"elementor-screen-only\">Facebook-f<\/span>\n\t\t\t\t\t\t<i aria-hidden=\"true\" class=\"fab fa-facebook-f\"><\/i>\t\t\t\t\t<\/a>\n\t\t\t\t<\/span>\n\t\t\t\t\t\t\t<span class=\"elementor-grid-item\" role=\"listitem\">\n\t\t\t\t\t<a class=\"elementor-icon elementor-social-icon elementor-social-icon-instagram elementor-animation-pulse elementor-repeater-item-2e33856\" href=\"https:\/\/www.instagram.com\/espaciopublicodelama\/\" target=\"_blank\">\n\t\t\t\t\t\t<span class=\"elementor-screen-only\">Instagram<\/span>\n\t\t\t\t\t\t<i aria-hidden=\"true\" class=\"fab fa-instagram\"><\/i>\t\t\t\t\t<\/a>\n\t\t\t\t<\/span>\n\t\t\t\t\t<\/div>\n\t\t\t\t\t\t<\/div>\n\t\t\t\t<\/div>\n\t\t\t\t<div class=\"elementor-element elementor-element-ea757ef jltma-glass-effect-no elementor-widget elementor-widget-spacer\" data-id=\"ea757ef\" data-element_type=\"widget\" data-e-type=\"widget\" data-widget_type=\"spacer.default\">\n\t\t\t\t<div class=\"elementor-widget-container\">\n\t\t\t\t\t\t\t<div class=\"elementor-spacer\">\n\t\t\t<div class=\"elementor-spacer-inner\"><\/div>\n\t\t<\/div>\n\t\t\t\t\t\t<\/div>\n\t\t\t\t<\/div>\n\t\t\t\t<div class=\"elementor-element elementor-element-92ed7a2 jltma-glass-effect-no elementor-widget elementor-widget-text-editor\" data-id=\"92ed7a2\" data-element_type=\"widget\" data-e-type=\"widget\" data-widget_type=\"text-editor.default\">\n\t\t\t\t<div class=\"elementor-widget-container\">\n\t\t\t\t\t\t\t\t\t<p>Identidad Visual del proyecto dise\u00f1ado por <strong><span style=\"text-decoration: underline;\"><span style=\"color: #ffffff;\"><a style=\"color: #ffffff; text-decoration: underline;\" href=\"http:\/\/www.coccodisegno.com\">Coccodisegno<\/a><\/span><\/span><\/strong><\/p>\t\t\t\t\t\t\t\t<\/div>\n\t\t\t\t<\/div>\n\t\t\t\t\t<\/div>\n\t\t<\/div>\n\t\t\t\t<div class=\"elementor-column elementor-col-25 elementor-top-column elementor-element elementor-element-4276547 jltma-glass-effect-no\" data-id=\"4276547\" data-element_type=\"column\" data-e-type=\"column\">\n\t\t\t<div class=\"elementor-widget-wrap elementor-element-populated\">\n\t\t\t\t\t\t<div class=\"elementor-element elementor-element-f5f59c4 jltma-glass-effect-no elementor-widget elementor-widget-menu-anchor\" data-id=\"f5f59c4\" data-element_type=\"widget\" data-e-type=\"widget\" data-widget_type=\"menu-anchor.default\">\n\t\t\t\t<div class=\"elementor-widget-container\">\n\t\t\t\t\t\t\t<div class=\"elementor-menu-anchor\" id=\"contacto\"><\/div>\n\t\t\t\t\t\t<\/div>\n\t\t\t\t<\/div>\n\t\t\t\t\t<\/div>\n\t\t<\/div>\n\t\t\t\t<div class=\"elementor-column elementor-col-25 elementor-top-column elementor-element elementor-element-a111662 jltma-glass-effect-no\" data-id=\"a111662\" data-element_type=\"column\" data-e-type=\"column\">\n\t\t\t<div class=\"elementor-widget-wrap\">\n\t\t\t\t\t\t\t<\/div>\n\t\t<\/div>\n\t\t\t\t<div class=\"elementor-column elementor-col-25 elementor-top-column elementor-element elementor-element-45411c2 jltma-glass-effect-no\" data-id=\"45411c2\" data-element_type=\"column\" data-e-type=\"column\">\n\t\t\t<div class=\"elementor-widget-wrap elementor-element-populated\">\n\t\t\t\t\t\t<div class=\"elementor-element elementor-element-22bb9f8 jltma-glass-effect-no elementor-widget elementor-widget-text-editor\" data-id=\"22bb9f8\" data-element_type=\"widget\" data-e-type=\"widget\" data-widget_type=\"text-editor.default\">\n\t\t\t\t<div class=\"elementor-widget-container\">\n\t\t\t\t\t\t\t\t\t<h4><strong>P\u00e1ginas de inter\u00e9s:<\/strong><\/h4><p><span style=\"color: #ffffff;\"><a style=\"color: #ffffff;\" href=\"https:\/\/cidifadauna.com\/\">CIDI \/ FADA-UNA<\/a><\/span><\/p><p><span style=\"color: #ffffff;\"><a style=\"color: #ffffff;\" href=\"https:\/\/oficial.fada.una.py\/\">FADA-UNA<\/a><\/span><\/p><p><span style=\"color: #ffffff;\"><a style=\"color: #ffffff;\" href=\"https:\/\/www.conacyt.gov.py\/\">CONACYT<\/a><\/span><\/p><p><span style=\"color: #ffffff;\"><a style=\"color: #ffffff;\" href=\"https:\/\/set.kuleuven.be\/ICOU\/RESEARCH\/OSA\">INTERNATIONAL CENTER OF URBANISM (ICOU)\/ KU LEUVEN<\/a><\/span><\/p>\t\t\t\t\t\t\t\t<\/div>\n\t\t\t\t<\/div>\n\t\t\t\t\t<\/div>\n\t\t<\/div>\n\t\t\t\t\t<\/div>\n\t\t<\/section>\n\t\t\t\t<\/div>\n\t\t","protected":false},"excerpt":{"rendered":"<p>Antecedentes Objetivos Equipo Financiaci\u00f3n y Ejecuci\u00f3n Metodolog\u00eda Noticias y Blog Contacto Socializaci\u00f3n del Proyecto X https:\/\/youtu.be\/tDJVfAv-mxA Descarga la presentaci\u00f3n de la transmisi\u00f3n en el siguiente enlace: ACCEDER A LA PRESENTACI\u00d3N \u00abLa presente publicaci\u00f3n ha sido elaborada con el apoyo del CONACYT, el contenido de la misma es responsabilidad exclusiva de los autores y en ning\u00fan &hellip; <\/p>\n<p class=\"link-more\"><a href=\"https:\/\/fada.una.py\/espaciopublicodelama\/socializacion-del-proyecto\/\" class=\"more-link\">Seguir leyendo<span class=\"screen-reader-text\"> \u00abSocializaci\u00f3n del Proyecto\u00bb<\/span><\/a><\/p>\n","protected":false},"author":1,"featured_media":0,"parent":0,"menu_order":0,"comment_status":"closed","ping_status":"closed","template":"elementor_canvas","meta":{"footnotes":""},"class_list":["post-856","page","type-page","status-publish","hentry","entry"],"_links":{"self":[{"href":"https:\/\/fada.una.py\/espaciopublicodelama\/wp-json\/wp\/v2\/pages\/856","targetHints":{"allow":["GET"]}}],"collection":[{"href":"https:\/\/fada.una.py\/espaciopublicodelama\/wp-json\/wp\/v2\/pages"}],"about":[{"href":"https:\/\/fada.una.py\/espaciopublicodelama\/wp-json\/wp\/v2\/types\/page"}],"author":[{"embeddable":true,"href":"https:\/\/fada.una.py\/espaciopublicodelama\/wp-json\/wp\/v2\/users\/1"}],"replies":[{"embeddable":true,"href":"https:\/\/fada.una.py\/espaciopublicodelama\/wp-json\/wp\/v2\/comments?post=856"}],"version-history":[{"count":7,"href":"https:\/\/fada.una.py\/espaciopublicodelama\/wp-json\/wp\/v2\/pages\/856\/revisions"}],"predecessor-version":[{"id":866,"href":"https:\/\/fada.una.py\/espaciopublicodelama\/wp-json\/wp\/v2\/pages\/856\/revisions\/866"}],"wp:attachment":[{"href":"https:\/\/fada.una.py\/espaciopublicodelama\/wp-json\/wp\/v2\/media?parent=856"}],"curies":[{"name":"wp","href":"https:\/\/api.w.org\/{rel}","templated":true}]}}