{"id":1825,"date":"2025-11-13T09:54:58","date_gmt":"2025-11-13T12:54:58","guid":{"rendered":"https:\/\/fada.una.py\/catalogo\/?page_id=1825"},"modified":"2025-12-13T00:18:38","modified_gmt":"2025-12-13T03:18:38","slug":"serie-de-cuadernos-de-musica","status":"publish","type":"page","link":"https:\/\/fada.una.py\/catalogo\/serie-de-cuadernos-de-musica\/","title":{"rendered":"Serie de Cuadernos de M\u00fasica"},"content":{"rendered":"\t\t<div data-elementor-type=\"wp-page\" data-elementor-id=\"1825\" class=\"elementor elementor-1825\" data-elementor-post-type=\"page\">\n\t\t\t\t\t\t<section class=\"elementor-section elementor-top-section elementor-element elementor-element-47c4bda5 elementor-section-boxed elementor-section-height-default elementor-section-height-default\" data-id=\"47c4bda5\" data-element_type=\"section\" data-e-type=\"section\" data-settings=\"{&quot;jet_parallax_layout_list&quot;:[]}\">\n\t\t\t\t\t\t<div class=\"elementor-container elementor-column-gap-default\">\n\t\t\t\t\t<div class=\"elementor-column elementor-col-100 elementor-top-column elementor-element elementor-element-5ba96b0d\" data-id=\"5ba96b0d\" data-element_type=\"column\" data-e-type=\"column\">\n\t\t\t<div class=\"elementor-widget-wrap elementor-element-populated\">\n\t\t\t\t\t\t<div class=\"elementor-element elementor-element-38580953 elementor-widget elementor-widget-heading\" data-id=\"38580953\" data-element_type=\"widget\" data-e-type=\"widget\" data-widget_type=\"heading.default\">\n\t\t\t\t<div class=\"elementor-widget-container\">\n\t\t\t\t\t<h2 class=\"elementor-heading-title elementor-size-default\">Serie de Cuadernos de M\u00fasica<\/h2>\t\t\t\t<\/div>\n\t\t\t\t<\/div>\n\t\t\t\t\t<\/div>\n\t\t<\/div>\n\t\t\t\t\t<\/div>\n\t\t<\/section>\n\t\t\t\t<section class=\"elementor-section elementor-top-section elementor-element elementor-element-4e79b59 elementor-section-boxed elementor-section-height-default elementor-section-height-default\" data-id=\"4e79b59\" data-element_type=\"section\" data-e-type=\"section\" data-settings=\"{&quot;jet_parallax_layout_list&quot;:[]}\">\n\t\t\t\t\t\t<div class=\"elementor-container elementor-column-gap-default\">\n\t\t\t\t\t<div class=\"elementor-column elementor-col-100 elementor-top-column elementor-element elementor-element-f01845d\" data-id=\"f01845d\" data-element_type=\"column\" data-e-type=\"column\">\n\t\t\t<div class=\"elementor-widget-wrap elementor-element-populated\">\n\t\t\t\t\t\t<div class=\"elementor-element elementor-element-980b9a4 elementor-widget elementor-widget-jet-posts\" data-id=\"980b9a4\" data-element_type=\"widget\" data-e-type=\"widget\" data-settings=\"{&quot;columns_mobile&quot;:&quot;1&quot;,&quot;columns&quot;:3,&quot;slides_to_scroll&quot;:&quot;1&quot;}\" data-widget_type=\"jet-posts.default\">\n\t\t\t\t<div class=\"elementor-widget-container\">\n\t\t\t\t\t<div class=\"elementor-jet-posts jet-elements\"><div class=\"jet-posts col-row  jet-equal-cols\"><div class=\"jet-posts__item\">\n\t<div class=\"jet-posts__inner-box\"><div class=\"post-thumbnail\"><a href=\"https:\/\/fada.una.py\/catalogo\/publicaciones\/investigacion-en-musica-popular\/\" class=\"post-thumbnail__link\"><img loading=\"lazy\" decoding=\"async\" class=\"post-thumbnail__img wp-post-image\" src=\"https:\/\/fada.una.py\/catalogo\/wp-content\/uploads\/2025\/11\/T-CM5-actas-festival-MUSICA-POPULAR_Pagina_2-1024x972.jpg\" alt=\"INVESTIGACI\u00d3N EN M\u00daSICA POPULAR\" loading=\"lazy\" width=\"800\" height=\"759\"><\/a><\/div><div class=\"jet-posts__inner-content\"><h2 class=\"entry-title\"><a href=\"https:\/\/fada.una.py\/catalogo\/publicaciones\/investigacion-en-musica-popular\/\" target=\"\">INVESTIGACI\u00d3N EN M\u00daSICA POPULAR<\/a><\/h2><div class=\"post-meta\"><\/div><div class=\"jet-more-wrap\"><a href=\"https:\/\/fada.una.py\/catalogo\/publicaciones\/investigacion-en-musica-popular\/\" class=\"btn btn-primary elementor-button elementor-size-md jet-more\" target=\"\"><span class=\"btn__text\">Ver<\/span><\/a><\/div><\/div><\/div>\n<\/div>\n<div class=\"jet-posts__item\">\n\t<div class=\"jet-posts__inner-box\"><div class=\"post-thumbnail\"><a href=\"https:\/\/fada.una.py\/catalogo\/publicaciones\/morfologia-musical\/\" class=\"post-thumbnail__link\"><img loading=\"lazy\" decoding=\"async\" class=\"post-thumbnail__img wp-post-image\" src=\"https:\/\/fada.una.py\/catalogo\/wp-content\/uploads\/2025\/11\/CMUS-4-TApa-Morfologia-Musical.png\" alt=\"MORFOLOG\u00cdA MUSICAL\" loading=\"lazy\" width=\"690\" height=\"672\"><\/a><\/div><div class=\"jet-posts__inner-content\"><h2 class=\"entry-title\"><a href=\"https:\/\/fada.una.py\/catalogo\/publicaciones\/morfologia-musical\/\" target=\"\">MORFOLOG\u00cdA MUSICAL<\/a><\/h2><div class=\"post-meta\"><\/div><div class=\"jet-more-wrap\"><a href=\"https:\/\/fada.una.py\/catalogo\/publicaciones\/morfologia-musical\/\" class=\"btn btn-primary elementor-button elementor-size-md jet-more\" target=\"\"><span class=\"btn__text\">Ver<\/span><\/a><\/div><\/div><\/div>\n<\/div>\n<div class=\"jet-posts__item\">\n\t<div class=\"jet-posts__inner-box\"><div class=\"post-thumbnail\"><a href=\"https:\/\/fada.una.py\/catalogo\/publicaciones\/la-creacion-musical-en-el-paraguay\/\" class=\"post-thumbnail__link\"><img loading=\"lazy\" decoding=\"async\" class=\"post-thumbnail__img wp-post-image\" src=\"https:\/\/fada.una.py\/catalogo\/wp-content\/uploads\/2025\/11\/tapa-cuaderno-MUSICA3-980x1024.jpg\" alt=\"LA CREACI\u00d3N MUSICAL EN EL PARAGUAY\" loading=\"lazy\" width=\"800\" height=\"836\"><\/a><\/div><div class=\"jet-posts__inner-content\"><h2 class=\"entry-title\"><a href=\"https:\/\/fada.una.py\/catalogo\/publicaciones\/la-creacion-musical-en-el-paraguay\/\" target=\"\">LA CREACI\u00d3N MUSICAL EN EL PARAGUAY<\/a><\/h2><div class=\"post-meta\"><\/div><div class=\"jet-more-wrap\"><a href=\"https:\/\/fada.una.py\/catalogo\/publicaciones\/la-creacion-musical-en-el-paraguay\/\" class=\"btn btn-primary elementor-button elementor-size-md jet-more\" target=\"\"><span class=\"btn__text\">Ver<\/span><\/a><\/div><\/div><\/div>\n<\/div>\n<div class=\"jet-posts__item\">\n\t<div class=\"jet-posts__inner-box\"><div class=\"post-thumbnail\"><a href=\"https:\/\/fada.una.py\/catalogo\/publicaciones\/sueno-y-arte\/\" class=\"post-thumbnail__link\"><img loading=\"lazy\" decoding=\"async\" class=\"post-thumbnail__img wp-post-image\" src=\"https:\/\/fada.una.py\/catalogo\/wp-content\/uploads\/2025\/10\/TApa-CMUS-2-Alekos.png\" alt=\"SUE\u00d1O Y ARTE\" loading=\"lazy\" width=\"579\" height=\"576\"><\/a><\/div><div class=\"jet-posts__inner-content\"><h2 class=\"entry-title\"><a href=\"https:\/\/fada.una.py\/catalogo\/publicaciones\/sueno-y-arte\/\" target=\"\">SUE\u00d1O Y ARTE<\/a><\/h2><div class=\"post-meta\"><\/div><div class=\"jet-more-wrap\"><a href=\"https:\/\/fada.una.py\/catalogo\/publicaciones\/sueno-y-arte\/\" class=\"btn btn-primary elementor-button elementor-size-md jet-more\" target=\"\"><span class=\"btn__text\">Ver<\/span><\/a><\/div><\/div><\/div>\n<\/div>\n<div class=\"jet-posts__item\">\n\t<div class=\"jet-posts__inner-box\"><div class=\"post-thumbnail\"><a href=\"https:\/\/fada.una.py\/catalogo\/publicaciones\/introduccion-a-la-acustica-y-psicoacustica-musical\/\" class=\"post-thumbnail__link\"><img loading=\"lazy\" decoding=\"async\" class=\"post-thumbnail__img wp-post-image\" src=\"https:\/\/fada.una.py\/catalogo\/wp-content\/uploads\/2025\/10\/CM-1-2Tapa-Acustica-2ed.png\" alt=\"INTRODUCCI\u00d3N A LA AC\u00daSTICA Y PSICOAC\u00daSTICA MUSICAL\" loading=\"lazy\" width=\"700\" height=\"694\"><\/a><\/div><div class=\"jet-posts__inner-content\"><h2 class=\"entry-title\"><a href=\"https:\/\/fada.una.py\/catalogo\/publicaciones\/introduccion-a-la-acustica-y-psicoacustica-musical\/\" target=\"\">INTRODUCCI\u00d3N A LA AC\u00daSTICA Y PSICOAC\u00daSTICA MUSICAL<\/a><\/h2><div class=\"post-meta\"><\/div><div class=\"jet-more-wrap\"><a href=\"https:\/\/fada.una.py\/catalogo\/publicaciones\/introduccion-a-la-acustica-y-psicoacustica-musical\/\" class=\"btn btn-primary elementor-button elementor-size-md jet-more\" target=\"\"><span class=\"btn__text\">Ver<\/span><\/a><\/div><\/div><\/div>\n<\/div>\n<\/div>\n<\/div>\t\t\t\t<\/div>\n\t\t\t\t<\/div>\n\t\t\t\t\t<\/div>\n\t\t<\/div>\n\t\t\t\t\t<\/div>\n\t\t<\/section>\n\t\t\t\t<\/div>\n\t\t","protected":false},"excerpt":{"rendered":"<p>Serie de Cuadernos de M\u00fasica INVESTIGACI\u00d3N EN M\u00daSICA POPULAR Ver MORFOLOG\u00cdA MUSICAL Ver LA CREACI\u00d3N MUSICAL EN EL PARAGUAY Ver SUE\u00d1O Y ARTE Ver INTRODUCCI\u00d3N A LA AC\u00daSTICA Y PSICOAC\u00daSTICA MUSICAL Ver<\/p>\n","protected":false},"author":1,"featured_media":0,"parent":0,"menu_order":0,"comment_status":"closed","ping_status":"closed","template":"","meta":{"footnotes":""},"class_list":["post-1825","page","type-page","status-publish","hentry"],"_links":{"self":[{"href":"https:\/\/fada.una.py\/catalogo\/wp-json\/wp\/v2\/pages\/1825","targetHints":{"allow":["GET"]}}],"collection":[{"href":"https:\/\/fada.una.py\/catalogo\/wp-json\/wp\/v2\/pages"}],"about":[{"href":"https:\/\/fada.una.py\/catalogo\/wp-json\/wp\/v2\/types\/page"}],"author":[{"embeddable":true,"href":"https:\/\/fada.una.py\/catalogo\/wp-json\/wp\/v2\/users\/1"}],"replies":[{"embeddable":true,"href":"https:\/\/fada.una.py\/catalogo\/wp-json\/wp\/v2\/comments?post=1825"}],"version-history":[{"count":16,"href":"https:\/\/fada.una.py\/catalogo\/wp-json\/wp\/v2\/pages\/1825\/revisions"}],"predecessor-version":[{"id":1903,"href":"https:\/\/fada.una.py\/catalogo\/wp-json\/wp\/v2\/pages\/1825\/revisions\/1903"}],"wp:attachment":[{"href":"https:\/\/fada.una.py\/catalogo\/wp-json\/wp\/v2\/media?parent=1825"}],"curies":[{"name":"wp","href":"https:\/\/api.w.org\/{rel}","templated":true}]}}