{"id":1496,"date":"2025-10-24T14:50:32","date_gmt":"2025-10-24T17:50:32","guid":{"rendered":"https:\/\/fada.una.py\/catalogo\/?page_id=1496"},"modified":"2026-03-30T11:18:48","modified_gmt":"2026-03-30T14:18:48","slug":"cuadernos-de-arquitectura-y-urbansimo","status":"publish","type":"page","link":"https:\/\/fada.una.py\/catalogo\/cuadernos-de-arquitectura-y-urbansimo\/","title":{"rendered":"Cuadernos de Arquitectura y Urbanismo"},"content":{"rendered":"\t\t<div data-elementor-type=\"wp-page\" data-elementor-id=\"1496\" class=\"elementor elementor-1496\" data-elementor-post-type=\"page\">\n\t\t\t\t\t\t<section class=\"elementor-section elementor-top-section elementor-element elementor-element-8968ff9 elementor-section-boxed elementor-section-height-default elementor-section-height-default\" data-id=\"8968ff9\" data-element_type=\"section\" data-e-type=\"section\" data-settings=\"{&quot;jet_parallax_layout_list&quot;:[]}\">\n\t\t\t\t\t\t<div class=\"elementor-container elementor-column-gap-default\">\n\t\t\t\t\t<div class=\"elementor-column elementor-col-100 elementor-top-column elementor-element elementor-element-048446d\" data-id=\"048446d\" data-element_type=\"column\" data-e-type=\"column\">\n\t\t\t<div class=\"elementor-widget-wrap elementor-element-populated\">\n\t\t\t\t\t\t<div class=\"elementor-element elementor-element-11a2c96 elementor-widget elementor-widget-heading\" data-id=\"11a2c96\" data-element_type=\"widget\" data-e-type=\"widget\" data-widget_type=\"heading.default\">\n\t\t\t\t<div class=\"elementor-widget-container\">\n\t\t\t\t\t<h2 class=\"elementor-heading-title elementor-size-default\">Serie de Cuadernos de Arquitectura y Urbanismo<\/h2>\t\t\t\t<\/div>\n\t\t\t\t<\/div>\n\t\t\t\t\t<\/div>\n\t\t<\/div>\n\t\t\t\t\t<\/div>\n\t\t<\/section>\n\t\t\t\t<section class=\"elementor-section elementor-top-section elementor-element elementor-element-4608b83 elementor-section-boxed elementor-section-height-default elementor-section-height-default\" data-id=\"4608b83\" data-element_type=\"section\" data-e-type=\"section\" data-settings=\"{&quot;jet_parallax_layout_list&quot;:[]}\">\n\t\t\t\t\t\t<div class=\"elementor-container elementor-column-gap-default\">\n\t\t\t\t\t<div class=\"elementor-column elementor-col-100 elementor-top-column elementor-element elementor-element-764ef64\" data-id=\"764ef64\" data-element_type=\"column\" data-e-type=\"column\">\n\t\t\t<div class=\"elementor-widget-wrap elementor-element-populated\">\n\t\t\t\t\t\t<div class=\"elementor-element elementor-element-18f7720 elementor-widget elementor-widget-jet-posts\" data-id=\"18f7720\" data-element_type=\"widget\" data-e-type=\"widget\" data-settings=\"{&quot;columns_mobile&quot;:&quot;1&quot;,&quot;columns&quot;:3,&quot;slides_to_scroll&quot;:&quot;1&quot;}\" data-widget_type=\"jet-posts.default\">\n\t\t\t\t<div class=\"elementor-widget-container\">\n\t\t\t\t\t<div class=\"elementor-jet-posts jet-elements\"><div class=\"jet-posts col-row  jet-equal-cols\"><div class=\"jet-posts__item\">\n\t<div class=\"jet-posts__inner-box\"><div class=\"post-thumbnail\"><a href=\"https:\/\/fada.una.py\/catalogo\/publicaciones\/1972\/\" class=\"post-thumbnail__link\"><img loading=\"lazy\" decoding=\"async\" class=\"post-thumbnail__img wp-post-image\" src=\"https:\/\/fada.una.py\/catalogo\/wp-content\/uploads\/2026\/03\/portada-Siacot-triptico-655x1024.png\" alt=\"Memorias del 16\u00ba Seminario Iberoamericano\" loading=\"lazy\" width=\"655\" height=\"1024\"><\/a><\/div><div class=\"jet-posts__inner-content\"><div class=\"post-meta\"><\/div><div class=\"jet-more-wrap\"><a href=\"https:\/\/fada.una.py\/catalogo\/publicaciones\/1972\/\" class=\"btn btn-primary elementor-button elementor-size-md jet-more\" target=\"\"><span class=\"btn__text\">Ver<\/span><\/a><\/div><\/div><\/div>\n<\/div>\n<div class=\"jet-posts__item\">\n\t<div class=\"jet-posts__inner-box\"><div class=\"post-thumbnail\"><a href=\"https:\/\/fada.una.py\/catalogo\/publicaciones\/villarrica-del-espiritu-santo\/\" class=\"post-thumbnail__link\"><img loading=\"lazy\" decoding=\"async\" class=\"post-thumbnail__img wp-post-image\" src=\"https:\/\/fada.una.py\/catalogo\/wp-content\/uploads\/2026\/03\/TAPA-VILLARRICA-892x1024.jpg\" alt=\"VILLARRICA DEL ESPIRITU SANTO\" loading=\"lazy\" width=\"800\" height=\"918\"><\/a><\/div><div class=\"jet-posts__inner-content\"><div class=\"post-meta\"><\/div><div class=\"jet-more-wrap\"><a href=\"https:\/\/fada.una.py\/catalogo\/publicaciones\/villarrica-del-espiritu-santo\/\" class=\"btn btn-primary elementor-button elementor-size-md jet-more\" target=\"\"><span class=\"btn__text\">Ver<\/span><\/a><\/div><\/div><\/div>\n<\/div>\n<div class=\"jet-posts__item\">\n\t<div class=\"jet-posts__inner-box\"><div class=\"post-thumbnail\"><a href=\"https:\/\/fada.una.py\/catalogo\/publicaciones\/croquiseros-urbanos-py\/\" class=\"post-thumbnail__link\"><img loading=\"lazy\" decoding=\"async\" class=\"post-thumbnail__img wp-post-image\" src=\"https:\/\/fada.una.py\/catalogo\/wp-content\/uploads\/2025\/10\/01-CUBIERTA_LibroCroquiseros-Urbanos-Py-1006x1024.jpg\" alt=\"CROQUISEROS URBANOS PY\" loading=\"lazy\" width=\"800\" height=\"814\"><\/a><\/div><div class=\"jet-posts__inner-content\"><div class=\"post-meta\"><\/div><div class=\"jet-more-wrap\"><a href=\"https:\/\/fada.una.py\/catalogo\/publicaciones\/croquiseros-urbanos-py\/\" class=\"btn btn-primary elementor-button elementor-size-md jet-more\" target=\"\"><span class=\"btn__text\">Ver<\/span><\/a><\/div><\/div><\/div>\n<\/div>\n<div class=\"jet-posts__item\">\n\t<div class=\"jet-posts__inner-box\"><div class=\"post-thumbnail\"><a href=\"https:\/\/fada.una.py\/catalogo\/publicaciones\/el-proyecto-de-arquitectura\/\" class=\"post-thumbnail__link\"><img loading=\"lazy\" decoding=\"async\" class=\"post-thumbnail__img wp-post-image\" src=\"https:\/\/fada.una.py\/catalogo\/wp-content\/uploads\/2024\/03\/1-Tapa-CARQ15-IDRIOS-1024x1016.jpg\" alt=\"EL PROYECTO DE ARQUITECTURA\" loading=\"lazy\" width=\"800\" height=\"794\"><\/a><\/div><div class=\"jet-posts__inner-content\"><div class=\"post-meta\"><\/div><div class=\"jet-more-wrap\"><a href=\"https:\/\/fada.una.py\/catalogo\/publicaciones\/el-proyecto-de-arquitectura\/\" class=\"btn btn-primary elementor-button elementor-size-md jet-more\" target=\"\"><span class=\"btn__text\">Ver<\/span><\/a><\/div><\/div><\/div>\n<\/div>\n<div class=\"jet-posts__item\">\n\t<div class=\"jet-posts__inner-box\"><div class=\"post-thumbnail\"><a href=\"https:\/\/fada.una.py\/catalogo\/publicaciones\/desde-donde-saltar-reflexiones-sobre-el-salto-creativo-en-arquitectura\/\" class=\"post-thumbnail__link\"><img loading=\"lazy\" decoding=\"async\" class=\"post-thumbnail__img wp-post-image\" src=\"https:\/\/fada.una.py\/catalogo\/wp-content\/uploads\/2025\/10\/1-Tapa-CARQ-16-23-12-2-8-24-1024x1001.jpg\" alt=\"\u00bfDESDE D\u00d3NDE SALTAR? REFLEXIONES SOBRE EL SALTO CREATIVO EN ARQUITECTURA\" loading=\"lazy\" width=\"800\" height=\"782\"><\/a><\/div><div class=\"jet-posts__inner-content\"><div class=\"post-meta\"><\/div><div class=\"jet-more-wrap\"><a href=\"https:\/\/fada.una.py\/catalogo\/publicaciones\/desde-donde-saltar-reflexiones-sobre-el-salto-creativo-en-arquitectura\/\" class=\"btn btn-primary elementor-button elementor-size-md jet-more\" target=\"\"><span class=\"btn__text\">Ver<\/span><\/a><\/div><\/div><\/div>\n<\/div>\n<div class=\"jet-posts__item\">\n\t<div class=\"jet-posts__inner-box\"><div class=\"post-thumbnail\"><a href=\"https:\/\/fada.una.py\/catalogo\/publicaciones\/ciudad-agua\/\" class=\"post-thumbnail__link\"><img loading=\"lazy\" decoding=\"async\" class=\"post-thumbnail__img wp-post-image\" src=\"https:\/\/fada.una.py\/catalogo\/wp-content\/uploads\/2025\/10\/P-Cubierta_F_04-1-1024x977.jpg\" alt=\"CIUDAD + AGUA\" loading=\"lazy\" width=\"800\" height=\"763\"><\/a><\/div><div class=\"jet-posts__inner-content\"><div class=\"post-meta\"><\/div><div class=\"jet-more-wrap\"><a href=\"https:\/\/fada.una.py\/catalogo\/publicaciones\/ciudad-agua\/\" class=\"btn btn-primary elementor-button elementor-size-md jet-more\" target=\"\"><span class=\"btn__text\">Ver<\/span><\/a><\/div><\/div><\/div>\n<\/div>\n<div class=\"jet-posts__item\">\n\t<div class=\"jet-posts__inner-box\"><div class=\"post-thumbnail\"><a href=\"https:\/\/fada.una.py\/catalogo\/publicaciones\/la-planificacion-del-desarrollo-urbano-regional-en-la-formacion-profesional\/\" class=\"post-thumbnail__link\"><img loading=\"lazy\" decoding=\"async\" class=\"post-thumbnail__img wp-post-image\" src=\"https:\/\/fada.una.py\/catalogo\/wp-content\/uploads\/2025\/10\/tapa-cuaderno-ARQ-7-1024x998.jpg\" alt=\"LA PLANIFICACI\u00d3N DEL DESARROLLO URBANO - REGIONAL EN LA FORMACI\u00d3N PROFESIONAL\" loading=\"lazy\" width=\"800\" height=\"780\"><\/a><\/div><div class=\"jet-posts__inner-content\"><div class=\"post-meta\"><\/div><div class=\"jet-more-wrap\"><a href=\"https:\/\/fada.una.py\/catalogo\/publicaciones\/la-planificacion-del-desarrollo-urbano-regional-en-la-formacion-profesional\/\" class=\"btn btn-primary elementor-button elementor-size-md jet-more\" target=\"\"><span class=\"btn__text\">Ver<\/span><\/a><\/div><\/div><\/div>\n<\/div>\n<div class=\"jet-posts__item\">\n\t<div class=\"jet-posts__inner-box\"><div class=\"post-thumbnail\"><a href=\"https:\/\/fada.una.py\/catalogo\/publicaciones\/en-transito\/\" class=\"post-thumbnail__link\"><img loading=\"lazy\" decoding=\"async\" class=\"post-thumbnail__img wp-post-image\" src=\"https:\/\/fada.una.py\/catalogo\/wp-content\/uploads\/2025\/10\/CARQ-14-1012x1024.jpg\" alt=\"EN TR\u00c1NSITO\" loading=\"lazy\" width=\"800\" height=\"809\"><\/a><\/div><div class=\"jet-posts__inner-content\"><div class=\"post-meta\"><\/div><div class=\"jet-more-wrap\"><a href=\"https:\/\/fada.una.py\/catalogo\/publicaciones\/en-transito\/\" class=\"btn btn-primary elementor-button elementor-size-md jet-more\" target=\"\"><span class=\"btn__text\">Ver<\/span><\/a><\/div><\/div><\/div>\n<\/div>\n<div class=\"jet-posts__item\">\n\t<div class=\"jet-posts__inner-box\"><div class=\"post-thumbnail\"><a href=\"https:\/\/fada.una.py\/catalogo\/publicaciones\/teoria-y-praxis-de-la-arquitectura-contemporanea\/\" class=\"post-thumbnail__link\"><img loading=\"lazy\" decoding=\"async\" class=\"post-thumbnail__img wp-post-image\" src=\"https:\/\/fada.una.py\/catalogo\/wp-content\/uploads\/2025\/10\/01-Tapa-C13-Teoria-praxis-211006-1017x1024.jpg\" alt=\"TEOR\u00cdA Y PRAXIS DE LA ARQUITECTURA CONTEMPOR\u00c1NEA.\" loading=\"lazy\" width=\"800\" height=\"806\"><\/a><\/div><div class=\"jet-posts__inner-content\"><div class=\"post-meta\"><\/div><div class=\"jet-more-wrap\"><a href=\"https:\/\/fada.una.py\/catalogo\/publicaciones\/teoria-y-praxis-de-la-arquitectura-contemporanea\/\" class=\"btn btn-primary elementor-button elementor-size-md jet-more\" target=\"\"><span class=\"btn__text\">Ver<\/span><\/a><\/div><\/div><\/div>\n<\/div>\n<div class=\"jet-posts__item\">\n\t<div class=\"jet-posts__inner-box\"><div class=\"post-thumbnail\"><a href=\"https:\/\/fada.una.py\/catalogo\/publicaciones\/asuncion-reconciliando-la-ciudad-con-el-rio-espacios-publicos-potenciales\/\" class=\"post-thumbnail__link\"><img loading=\"lazy\" decoding=\"async\" class=\"post-thumbnail__img wp-post-image\" src=\"https:\/\/fada.una.py\/catalogo\/wp-content\/uploads\/2025\/10\/TAPA-CUBIERTA1-CARQ19-1024x1000.jpg\" alt=\"ASUNCI\u00d3N. RECONCILIANDO LA CIUDAD CON EL R\u00cdO. ESPACIOS P\u00daBLICOS POTENCIALES.\" loading=\"lazy\" width=\"800\" height=\"781\"><\/a><\/div><div class=\"jet-posts__inner-content\"><div class=\"post-meta\"><\/div><div class=\"jet-more-wrap\"><a href=\"https:\/\/fada.una.py\/catalogo\/publicaciones\/asuncion-reconciliando-la-ciudad-con-el-rio-espacios-publicos-potenciales\/\" class=\"btn btn-primary elementor-button elementor-size-md jet-more\" target=\"\"><span class=\"btn__text\">Ver<\/span><\/a><\/div><\/div><\/div>\n<\/div>\n<div class=\"jet-posts__item\">\n\t<div class=\"jet-posts__inner-box\"><div class=\"post-thumbnail\"><a href=\"https:\/\/fada.una.py\/catalogo\/publicaciones\/arquitectura-y-ciudad-sostenible\/\" class=\"post-thumbnail__link\"><img loading=\"lazy\" decoding=\"async\" class=\"post-thumbnail__img wp-post-image\" src=\"https:\/\/fada.una.py\/catalogo\/wp-content\/uploads\/2025\/10\/1Tapa-CArq-9-1024x997.jpg\" alt=\"ARQUITECTURA Y CIUDAD SOSTENIBLE\" loading=\"lazy\" width=\"800\" height=\"779\"><\/a><\/div><div class=\"jet-posts__inner-content\"><div class=\"post-meta\"><\/div><div class=\"jet-more-wrap\"><a href=\"https:\/\/fada.una.py\/catalogo\/publicaciones\/arquitectura-y-ciudad-sostenible\/\" class=\"btn btn-primary elementor-button elementor-size-md jet-more\" target=\"\"><span class=\"btn__text\">Ver<\/span><\/a><\/div><\/div><\/div>\n<\/div>\n<div class=\"jet-posts__item\">\n\t<div class=\"jet-posts__inner-box\"><div class=\"post-thumbnail\"><a href=\"https:\/\/fada.una.py\/catalogo\/publicaciones\/la-vivienda-guarani\/\" class=\"post-thumbnail__link\"><img loading=\"lazy\" decoding=\"async\" class=\"post-thumbnail__img wp-post-image\" src=\"https:\/\/fada.una.py\/catalogo\/wp-content\/uploads\/2025\/10\/1Tapa-C8-VIVIENDA-GUARANI16_Pagina_1-1024x1013.jpg\" alt=\"LA VIVIENDA GUARAN\u00cd\" loading=\"lazy\" width=\"800\" height=\"791\"><\/a><\/div><div class=\"jet-posts__inner-content\"><div class=\"post-meta\"><\/div><div class=\"jet-more-wrap\"><a href=\"https:\/\/fada.una.py\/catalogo\/publicaciones\/la-vivienda-guarani\/\" class=\"btn btn-primary elementor-button elementor-size-md jet-more\" target=\"\"><span class=\"btn__text\">Ver<\/span><\/a><\/div><\/div><\/div>\n<\/div>\n<div class=\"jet-posts__item\">\n\t<div class=\"jet-posts__inner-box\"><div class=\"post-thumbnail\"><a href=\"https:\/\/fada.una.py\/catalogo\/publicaciones\/la-arquitectura-y-el-cine\/\" class=\"post-thumbnail__link\"><img loading=\"lazy\" decoding=\"async\" class=\"post-thumbnail__img wp-post-image\" src=\"https:\/\/fada.una.py\/catalogo\/wp-content\/uploads\/2025\/10\/Tapa-cuaderno-ARQ-6-CINE-1024x924.jpg\" alt=\"LA ARQUITECTURA Y EL CINE\" loading=\"lazy\" width=\"800\" height=\"722\"><\/a><\/div><div class=\"jet-posts__inner-content\"><div class=\"post-meta\"><\/div><div class=\"jet-more-wrap\"><a href=\"https:\/\/fada.una.py\/catalogo\/publicaciones\/la-arquitectura-y-el-cine\/\" class=\"btn btn-primary elementor-button elementor-size-md jet-more\" target=\"\"><span class=\"btn__text\">Ver<\/span><\/a><\/div><\/div><\/div>\n<\/div>\n<div class=\"jet-posts__item\">\n\t<div class=\"jet-posts__inner-box\"><div class=\"post-thumbnail\"><a href=\"https:\/\/fada.una.py\/catalogo\/publicaciones\/seleccion-de-suelos-y-metodos-de-control-en-la-construccion-con-tierra-practicas-de-campo\/\" class=\"post-thumbnail__link\"><img loading=\"lazy\" decoding=\"async\" class=\"post-thumbnail__img wp-post-image\" src=\"https:\/\/fada.una.py\/catalogo\/wp-content\/uploads\/2025\/10\/Tapa-CARQ-5-SELECC-SUELOS_Pagina_1-999x1024.jpg\" alt=\"SELECCI\u00d3N DE SUELOS Y M\u00c9TODOS DE CONTROL EN LA CONSTRUCCI\u00d3N CON TIERRA. PR\u00c1CTICAS DE CAMPO\" loading=\"lazy\" width=\"800\" height=\"820\"><\/a><\/div><div class=\"jet-posts__inner-content\"><div class=\"post-meta\"><\/div><div class=\"jet-more-wrap\"><a href=\"https:\/\/fada.una.py\/catalogo\/publicaciones\/seleccion-de-suelos-y-metodos-de-control-en-la-construccion-con-tierra-practicas-de-campo\/\" class=\"btn btn-primary elementor-button elementor-size-md jet-more\" target=\"\"><span class=\"btn__text\">Ver<\/span><\/a><\/div><\/div><\/div>\n<\/div>\n<div class=\"jet-posts__item\">\n\t<div class=\"jet-posts__inner-box\"><div class=\"post-thumbnail\"><a href=\"https:\/\/fada.una.py\/catalogo\/publicaciones\/arquitectura-patrimonio-en-tierra-del-paraguay\/\" class=\"post-thumbnail__link\"><img loading=\"lazy\" decoding=\"async\" class=\"post-thumbnail__img wp-post-image\" src=\"https:\/\/fada.una.py\/catalogo\/wp-content\/uploads\/2025\/10\/tapa-cuaderno-3-1-1024x1024.jpg\" alt=\"ARQUITECTURA + PATRIMONIO EN TIERRA DEL PARAGUAY\" loading=\"lazy\" width=\"800\" height=\"800\"><\/a><\/div><div class=\"jet-posts__inner-content\"><div class=\"post-meta\"><\/div><div class=\"jet-more-wrap\"><a href=\"https:\/\/fada.una.py\/catalogo\/publicaciones\/arquitectura-patrimonio-en-tierra-del-paraguay\/\" class=\"btn btn-primary elementor-button elementor-size-md jet-more\" target=\"\"><span class=\"btn__text\">Ver<\/span><\/a><\/div><\/div><\/div>\n<\/div>\n<div class=\"jet-posts__item\">\n\t<div class=\"jet-posts__inner-box\"><div class=\"post-thumbnail\"><a href=\"https:\/\/fada.una.py\/catalogo\/publicaciones\/y-onemoingove-jey-trayendo-el-agua\/\" class=\"post-thumbnail__link\"><img loading=\"lazy\" decoding=\"async\" class=\"post-thumbnail__img wp-post-image\" src=\"https:\/\/fada.una.py\/catalogo\/wp-content\/uploads\/2025\/10\/tapa-Y-trayendo-el-agua10.jpg\" alt=\"Y\u2019 O\u00d1EMOINGOVE JE\u2019Y, trayendo el agua\" loading=\"lazy\" width=\"567\" height=\"569\"><\/a><\/div><div class=\"jet-posts__inner-content\"><div class=\"post-meta\"><\/div><div class=\"jet-more-wrap\"><a href=\"https:\/\/fada.una.py\/catalogo\/publicaciones\/y-onemoingove-jey-trayendo-el-agua\/\" class=\"btn btn-primary elementor-button elementor-size-md jet-more\" target=\"\"><span class=\"btn__text\">Ver<\/span><\/a><\/div><\/div><\/div>\n<\/div>\n<div class=\"jet-posts__item\">\n\t<div class=\"jet-posts__inner-box\"><div class=\"post-thumbnail\"><a href=\"https:\/\/fada.una.py\/catalogo\/publicaciones\/capiata-historia-de-la-ciudad-y-su-templo\/\" class=\"post-thumbnail__link\"><img loading=\"lazy\" decoding=\"async\" class=\"post-thumbnail__img wp-post-image\" src=\"https:\/\/fada.una.py\/catalogo\/wp-content\/uploads\/2025\/10\/TAPA-CARQ-11-FATECHA.png\" alt=\"CAPIAT\u00c1 HISTORIA DE LA CIUDAD Y SU TEMPLO\" loading=\"lazy\" width=\"800\" height=\"766\"><\/a><\/div><div class=\"jet-posts__inner-content\"><div class=\"post-meta\"><\/div><div class=\"jet-more-wrap\"><a href=\"https:\/\/fada.una.py\/catalogo\/publicaciones\/capiata-historia-de-la-ciudad-y-su-templo\/\" class=\"btn btn-primary elementor-button elementor-size-md jet-more\" target=\"\"><span class=\"btn__text\">Ver<\/span><\/a><\/div><\/div><\/div>\n<\/div>\n<div class=\"jet-posts__item\">\n\t<div class=\"jet-posts__inner-box\"><div class=\"post-thumbnail\"><a href=\"https:\/\/fada.una.py\/catalogo\/publicaciones\/valles-y-laderas-patrones-sustentables-en-la-periferia-urbana\/\" class=\"post-thumbnail__link\"><img loading=\"lazy\" decoding=\"async\" class=\"post-thumbnail__img wp-post-image\" src=\"https:\/\/fada.una.py\/catalogo\/wp-content\/uploads\/2021\/10\/Tapa-CARQ-4-V-Laderas-1024x956.jpg\" alt=\"VALLES Y LADERAS. Patrones sustentables en la periferia urbana\" loading=\"lazy\" width=\"800\" height=\"747\"><\/a><\/div><div class=\"jet-posts__inner-content\"><div class=\"post-meta\"><\/div><div class=\"jet-more-wrap\"><a href=\"https:\/\/fada.una.py\/catalogo\/publicaciones\/valles-y-laderas-patrones-sustentables-en-la-periferia-urbana\/\" class=\"btn btn-primary elementor-button elementor-size-md jet-more\" target=\"\"><span class=\"btn__text\">Ver<\/span><\/a><\/div><\/div><\/div>\n<\/div>\n<div class=\"jet-posts__item\">\n\t<div class=\"jet-posts__inner-box\"><div class=\"post-thumbnail\"><a href=\"https:\/\/fada.una.py\/catalogo\/publicaciones\/patologias-constructivas-diagnosticos-e-intervenciones\/\" class=\"post-thumbnail__link\"><img loading=\"lazy\" decoding=\"async\" class=\"post-thumbnail__img wp-post-image\" src=\"https:\/\/fada.una.py\/catalogo\/wp-content\/uploads\/2024\/03\/Tapa-3-cubierta-Patologias-3-2021-OK-1-879x1024.jpg\" alt=\"PATOLOGIAS CONSTRUCTIVAS. Diagn\u00f3sticos e intervenciones\" loading=\"lazy\" width=\"800\" height=\"932\"><\/a><\/div><div class=\"jet-posts__inner-content\"><div class=\"post-meta\"><\/div><div class=\"jet-more-wrap\"><a href=\"https:\/\/fada.una.py\/catalogo\/publicaciones\/patologias-constructivas-diagnosticos-e-intervenciones\/\" class=\"btn btn-primary elementor-button elementor-size-md jet-more\" target=\"\"><span class=\"btn__text\">Ver<\/span><\/a><\/div><\/div><\/div>\n<\/div>\n<div class=\"jet-posts__item\">\n\t<div class=\"jet-posts__inner-box\"><div class=\"post-thumbnail\"><a href=\"https:\/\/fada.una.py\/catalogo\/publicaciones\/arq-mod-py\/\" class=\"post-thumbnail__link\"><img loading=\"lazy\" decoding=\"async\" class=\"post-thumbnail__img wp-post-image\" src=\"https:\/\/fada.una.py\/catalogo\/wp-content\/uploads\/2025\/10\/tapa-ARQ-MOD-PY-2018-.png\" alt=\"ARQ MOD PY\" loading=\"lazy\" width=\"620\" height=\"840\"><\/a><\/div><div class=\"jet-posts__inner-content\"><div class=\"post-meta\"><\/div><div class=\"jet-more-wrap\"><a href=\"https:\/\/fada.una.py\/catalogo\/publicaciones\/arq-mod-py\/\" class=\"btn btn-primary elementor-button elementor-size-md jet-more\" target=\"\"><span class=\"btn__text\">Ver<\/span><\/a><\/div><\/div><\/div>\n<\/div>\n<div class=\"jet-posts__item\">\n\t<div class=\"jet-posts__inner-box\"><div class=\"post-thumbnail\"><a href=\"https:\/\/fada.una.py\/catalogo\/publicaciones\/condominios-en-el-paraguay\/\" class=\"post-thumbnail__link\"><img loading=\"lazy\" decoding=\"async\" class=\"post-thumbnail__img wp-post-image\" src=\"https:\/\/fada.una.py\/catalogo\/wp-content\/uploads\/2025\/10\/tapa3.jpg\" alt=\"CONDOMINIOS EN EL PARAGUAY\" loading=\"lazy\" width=\"450\" height=\"673\"><\/a><\/div><div class=\"jet-posts__inner-content\"><div class=\"post-meta\"><\/div><div class=\"jet-more-wrap\"><a href=\"https:\/\/fada.una.py\/catalogo\/publicaciones\/condominios-en-el-paraguay\/\" class=\"btn btn-primary elementor-button elementor-size-md jet-more\" target=\"\"><span class=\"btn__text\">Ver<\/span><\/a><\/div><\/div><\/div>\n<\/div>\n<\/div>\n<\/div>\t\t\t\t<\/div>\n\t\t\t\t<\/div>\n\t\t\t\t\t<\/div>\n\t\t<\/div>\n\t\t\t\t\t<\/div>\n\t\t<\/section>\n\t\t\t\t<\/div>\n\t\t","protected":false},"excerpt":{"rendered":"<p>Serie de Cuadernos de Arquitectura y Urbanismo Ver Ver Ver Ver Ver Ver Ver Ver Ver Ver Ver Ver Ver Ver Ver Ver Ver Ver Ver Ver Ver Ver Ver Ver Ver Ver<\/p>\n","protected":false},"author":1,"featured_media":0,"parent":0,"menu_order":0,"comment_status":"closed","ping_status":"closed","template":"","meta":{"footnotes":""},"class_list":["post-1496","page","type-page","status-publish","hentry"],"_links":{"self":[{"href":"https:\/\/fada.una.py\/catalogo\/wp-json\/wp\/v2\/pages\/1496","targetHints":{"allow":["GET"]}}],"collection":[{"href":"https:\/\/fada.una.py\/catalogo\/wp-json\/wp\/v2\/pages"}],"about":[{"href":"https:\/\/fada.una.py\/catalogo\/wp-json\/wp\/v2\/types\/page"}],"author":[{"embeddable":true,"href":"https:\/\/fada.una.py\/catalogo\/wp-json\/wp\/v2\/users\/1"}],"replies":[{"embeddable":true,"href":"https:\/\/fada.una.py\/catalogo\/wp-json\/wp\/v2\/comments?post=1496"}],"version-history":[{"count":48,"href":"https:\/\/fada.una.py\/catalogo\/wp-json\/wp\/v2\/pages\/1496\/revisions"}],"predecessor-version":[{"id":2063,"href":"https:\/\/fada.una.py\/catalogo\/wp-json\/wp\/v2\/pages\/1496\/revisions\/2063"}],"wp:attachment":[{"href":"https:\/\/fada.una.py\/catalogo\/wp-json\/wp\/v2\/media?parent=1496"}],"curies":[{"name":"wp","href":"https:\/\/api.w.org\/{rel}","templated":true}]}}