{"id":1341,"date":"2025-10-17T17:15:55","date_gmt":"2025-10-17T17:15:55","guid":{"rendered":"https:\/\/fada.una.py\/catalogo\/?page_id=1341"},"modified":"2026-03-14T23:21:07","modified_gmt":"2026-03-15T02:21:07","slug":"sobre-la-editorial","status":"publish","type":"page","link":"https:\/\/fada.una.py\/catalogo\/sobre-la-editorial\/","title":{"rendered":"Sobre la editorial acad\u00e9mica"},"content":{"rendered":"\t\t<div data-elementor-type=\"wp-page\" data-elementor-id=\"1341\" class=\"elementor elementor-1341\" data-elementor-post-type=\"page\">\n\t\t\t\t\t\t<section class=\"elementor-section elementor-top-section elementor-element elementor-element-750d0023 elementor-section-boxed elementor-section-height-default elementor-section-height-default\" data-id=\"750d0023\" data-element_type=\"section\" data-e-type=\"section\" data-settings=\"{&quot;jet_parallax_layout_list&quot;:[]}\">\n\t\t\t\t\t\t<div class=\"elementor-container elementor-column-gap-default\">\n\t\t\t\t\t<div class=\"elementor-column elementor-col-100 elementor-top-column elementor-element elementor-element-79ce99af\" data-id=\"79ce99af\" data-element_type=\"column\" data-e-type=\"column\">\n\t\t\t<div class=\"elementor-widget-wrap elementor-element-populated\">\n\t\t\t\t\t\t<div class=\"elementor-element elementor-element-586e1481 elementor-widget elementor-widget-heading\" data-id=\"586e1481\" data-element_type=\"widget\" data-e-type=\"widget\" data-widget_type=\"heading.default\">\n\t\t\t\t<div class=\"elementor-widget-container\">\n\t\t\t\t\t<h2 class=\"elementor-heading-title elementor-size-default\">Sobre la Editorial<\/h2>\t\t\t\t<\/div>\n\t\t\t\t<\/div>\n\t\t\t\t\t<\/div>\n\t\t<\/div>\n\t\t\t\t\t<\/div>\n\t\t<\/section>\n\t\t\t\t<section class=\"elementor-section elementor-top-section elementor-element elementor-element-7dbbd457 elementor-section-boxed elementor-section-height-default elementor-section-height-default\" data-id=\"7dbbd457\" data-element_type=\"section\" data-e-type=\"section\" data-settings=\"{&quot;jet_parallax_layout_list&quot;:[]}\">\n\t\t\t\t\t\t<div class=\"elementor-container elementor-column-gap-default\">\n\t\t\t\t\t<div class=\"elementor-column elementor-col-100 elementor-top-column elementor-element elementor-element-45472937\" data-id=\"45472937\" data-element_type=\"column\" data-e-type=\"column\">\n\t\t\t<div class=\"elementor-widget-wrap elementor-element-populated\">\n\t\t\t\t\t\t<div class=\"elementor-element elementor-element-14dc8cc7 elementor-widget elementor-widget-html\" data-id=\"14dc8cc7\" data-element_type=\"widget\" data-e-type=\"widget\" data-widget_type=\"html.default\">\n\t\t\t\t<div class=\"elementor-widget-container\">\n\t\t\t\t\t<div class=\"_df_book df-lite\" id=\"df_1343\"  _slug=\"1343\" data-title=\"manual\" wpoptions=\"true\" thumbtype=\"\" ><\/div><script class=\"df-shortcode-script\" nowprocket type=\"application\/javascript\">window.option_df_1343 = {\"outline\":[],\"autoEnableOutline\":\"false\",\"autoEnableThumbnail\":\"false\",\"overwritePDFOutline\":\"false\",\"direction\":\"1\",\"pageSize\":\"0\",\"source\":\"https:\\\/\\\/fada.una.py\\\/catalogo\\\/wp-content\\\/uploads\\\/2025\\\/10\\\/1_-Editorial-FADA-08_11_22.pdf\",\"wpOptions\":\"true\"}; if(window.DFLIP && window.DFLIP.parseBooks){window.DFLIP.parseBooks();}<\/script>\t\t\t\t<\/div>\n\t\t\t\t<\/div>\n\t\t\t\t<div class=\"elementor-element elementor-element-62d6a5a4 elementor-widget__width-initial elementor-widget elementor-widget-text-editor\" data-id=\"62d6a5a4\" data-element_type=\"widget\" data-e-type=\"widget\" data-widget_type=\"text-editor.default\">\n\t\t\t\t<div class=\"elementor-widget-container\">\n\t\t\t\t\t\t\t\t\t<p>La Editorial Acad\u00e9mica FADA|UNA, con sede en el Campus San Lorenzo est\u00e1 concebida como una unidad operativa &#8211; funcional que impulsa la difusi\u00f3n de la producci\u00f3n cient\u00edfica, acad\u00e9mica, cultural y social.<\/p>\t\t\t\t\t\t\t\t<\/div>\n\t\t\t\t<\/div>\n\t\t\t\t\t<\/div>\n\t\t<\/div>\n\t\t\t\t\t<\/div>\n\t\t<\/section>\n\t\t\t\t<section class=\"elementor-section elementor-top-section elementor-element elementor-element-99ca78b elementor-section-boxed elementor-section-height-default elementor-section-height-default\" data-id=\"99ca78b\" data-element_type=\"section\" data-e-type=\"section\" data-settings=\"{&quot;jet_parallax_layout_list&quot;:[]}\">\n\t\t\t\t\t\t<div class=\"elementor-container elementor-column-gap-default\">\n\t\t\t\t\t<div class=\"elementor-column elementor-col-50 elementor-top-column elementor-element elementor-element-7d50fee\" data-id=\"7d50fee\" data-element_type=\"column\" data-e-type=\"column\">\n\t\t\t<div class=\"elementor-widget-wrap elementor-element-populated\">\n\t\t\t\t\t\t<div class=\"elementor-element elementor-element-10145baf elementor-widget__width-initial elementor-widget elementor-widget-text-editor\" data-id=\"10145baf\" data-element_type=\"widget\" data-e-type=\"widget\" data-widget_type=\"text-editor.default\">\n\t\t\t\t<div class=\"elementor-widget-container\">\n\t\t\t\t\t\t\t\t\t<p>La editorial acad\u00e9mica est\u00e1 abierta a la publicaci\u00f3n de trabajos cient\u00edficos nacionales o internacionales, originados en las distintas disciplinas vinculadas al campo de la arquitectura, el urbanismo, el dise\u00f1o, la m\u00fasica y el arte. Con esta meta se propone la puesta en marcha de una estructura organizativa de trabajo que incluye un comit\u00e9 editorial que vele por la excelencia y rigor acad\u00e9mico mediante una revisi\u00f3n exhaustiva y rigurosa por pares evaluadores calificados e independientes.<\/p><p><br \/>Una editorial acad\u00e9mica se define como una entidad especializada en la producci\u00f3n, edici\u00f3n y difusi\u00f3n de contenidos rigurosos y revisados por pares, orientados a la generaci\u00f3n y preservaci\u00f3n del conocimiento especializado en el \u00e1mbito de la publicaci\u00f3n cient\u00edfica\u00a0y\u00a0human\u00edstica.<\/p>\t\t\t\t\t\t\t\t<\/div>\n\t\t\t\t<\/div>\n\t\t\t\t\t<\/div>\n\t\t<\/div>\n\t\t\t\t<div class=\"elementor-column elementor-col-50 elementor-top-column elementor-element elementor-element-7361c62\" data-id=\"7361c62\" data-element_type=\"column\" data-e-type=\"column\">\n\t\t\t<div class=\"elementor-widget-wrap elementor-element-populated\">\n\t\t\t\t\t\t<div class=\"elementor-element elementor-element-1615c95 elementor-widget elementor-widget-text-editor\" data-id=\"1615c95\" data-element_type=\"widget\" data-e-type=\"widget\" data-widget_type=\"text-editor.default\">\n\t\t\t\t<div class=\"elementor-widget-container\">\n\t\t\t\t\t\t\t\t\t<p><strong>Equipo Responsable<\/strong><\/p><p>Editor Principal Prof. Arq. Jos\u00e9 G. Insfr\u00e1n Guerrero, Decano FADA|UNA<\/p><p>Coordinadora de Publicaciones y Difusi\u00f3n <br \/>Emma Gill Nessi<\/p><p>Docentes t\u00e9cnico<br \/>Gloria Velilla M. &#8211; Martha\u00a0E.\u00a0Sanchez<\/p>\t\t\t\t\t\t\t\t<\/div>\n\t\t\t\t<\/div>\n\t\t\t\t\t<\/div>\n\t\t<\/div>\n\t\t\t\t\t<\/div>\n\t\t<\/section>\n\t\t\t\t<section class=\"elementor-section elementor-top-section elementor-element elementor-element-2e0d5d6e elementor-section-boxed elementor-section-height-default elementor-section-height-default\" data-id=\"2e0d5d6e\" data-element_type=\"section\" data-e-type=\"section\" data-settings=\"{&quot;jet_parallax_layout_list&quot;:[]}\">\n\t\t\t\t\t\t<div class=\"elementor-container elementor-column-gap-default\">\n\t\t\t\t\t<div class=\"elementor-column elementor-col-100 elementor-top-column elementor-element elementor-element-4fd6dd1b\" data-id=\"4fd6dd1b\" data-element_type=\"column\" data-e-type=\"column\">\n\t\t\t<div class=\"elementor-widget-wrap\">\n\t\t\t\t\t\t\t<\/div>\n\t\t<\/div>\n\t\t\t\t\t<\/div>\n\t\t<\/section>\n\t\t\t\t<\/div>\n\t\t","protected":false},"excerpt":{"rendered":"<p>Sobre la Editorial La Editorial Acad\u00e9mica FADA|UNA, con sede en el Campus San Lorenzo est\u00e1 concebida como una unidad operativa &#8211; funcional que impulsa la difusi\u00f3n de la producci\u00f3n cient\u00edfica, acad\u00e9mica, cultural y social. La editorial acad\u00e9mica est\u00e1 abierta a la publicaci\u00f3n de trabajos cient\u00edficos nacionales o internacionales, originados en las distintas disciplinas vinculadas al [&hellip;]<\/p>\n","protected":false},"author":1,"featured_media":0,"parent":0,"menu_order":0,"comment_status":"closed","ping_status":"closed","template":"","meta":{"footnotes":""},"class_list":["post-1341","page","type-page","status-publish","hentry"],"_links":{"self":[{"href":"https:\/\/fada.una.py\/catalogo\/wp-json\/wp\/v2\/pages\/1341","targetHints":{"allow":["GET"]}}],"collection":[{"href":"https:\/\/fada.una.py\/catalogo\/wp-json\/wp\/v2\/pages"}],"about":[{"href":"https:\/\/fada.una.py\/catalogo\/wp-json\/wp\/v2\/types\/page"}],"author":[{"embeddable":true,"href":"https:\/\/fada.una.py\/catalogo\/wp-json\/wp\/v2\/users\/1"}],"replies":[{"embeddable":true,"href":"https:\/\/fada.una.py\/catalogo\/wp-json\/wp\/v2\/comments?post=1341"}],"version-history":[{"count":19,"href":"https:\/\/fada.una.py\/catalogo\/wp-json\/wp\/v2\/pages\/1341\/revisions"}],"predecessor-version":[{"id":1933,"href":"https:\/\/fada.una.py\/catalogo\/wp-json\/wp\/v2\/pages\/1341\/revisions\/1933"}],"wp:attachment":[{"href":"https:\/\/fada.una.py\/catalogo\/wp-json\/wp\/v2\/media?parent=1341"}],"curies":[{"name":"wp","href":"https:\/\/api.w.org\/{rel}","templated":true}]}}