{"id":1294,"date":"2025-10-17T15:46:47","date_gmt":"2025-10-17T15:46:47","guid":{"rendered":"https:\/\/fada.una.py\/catalogo\/?page_id=1294"},"modified":"2026-03-15T10:57:05","modified_gmt":"2026-03-15T13:57:05","slug":"anuario-academico","status":"publish","type":"page","link":"https:\/\/fada.una.py\/catalogo\/anuario-academico\/","title":{"rendered":"Anuario Acad\u00e9mico"},"content":{"rendered":"<h2>Anuario Acad\u00e9mico 2022<\/h2>\n<p>Un a\u00f1o de labor acad\u00e9mica desplegada en el \u00e1mbito de las cinco carreras de grado que conforman nuestra casa de estudios<\/p>\n<div class=\"_df_book df-lite\" id=\"df_1298\"  _slug=\"anuario-2022\" data-title=\"anuario-2022\" wpoptions=\"true\" thumbtype=\"\" ><\/div><script class=\"df-shortcode-script\" nowprocket type=\"application\/javascript\">window.option_df_1298 = {\"outline\":[],\"autoEnableOutline\":\"false\",\"autoEnableThumbnail\":\"false\",\"overwritePDFOutline\":\"false\",\"direction\":\"1\",\"pageSize\":\"0\",\"source\":\"https:\\\/\\\/fada.una.py\\\/catalogo\\\/wp-content\\\/uploads\\\/2025\\\/10\\\/red-FADA-UNA-anuario-2022.pdf\",\"wpOptions\":\"true\"}; if(window.DFLIP && window.DFLIP.parseBooks){window.DFLIP.parseBooks();}<\/script>\n<p>Observamos a\u00f1o tras a\u00f1o, a los graduados que se alejan con la satisfacci\u00f3n del sue\u00f1o cumplido, as\u00ed tambi\u00e9n a\u00f1o tras a\u00f1o, centenares de estudiantes transitan este camino y a\u00f1o tras a\u00f1o, una nueva generaci\u00f3n llega a nuestra casa en pos de un sue\u00f1o.<\/p>\n<p>Este ciclo anual representa nuestro peque\u00f1o universo, donde se vuelven realidad aquellos afanes juveniles. A este universo se integran autoridades, docentes, administrativos y t\u00e9cnicos de apoyo, todos imprescindibles para cumplir con el compromiso asumido a\u00f1o tras a\u00f1o.<\/p>\n<p>El <strong>ANUARIO 2022 FADA | UNA<\/strong> tiene la intenci\u00f3n de dar a conocer nuestras inquietudes acad\u00e9micas \u00a0para poder observarnos a nosotros mismos y para que tambi\u00e9n nos observen nuestros colegas de la Universidad Nacional de Asunci\u00f3n. Finalmente sumamos a este conjunto \u00a0las personas que rodean los afanes de la juventud universitaria y esto se refiere a los cercanos a cada estudiante, que con su silencioso apoyo posibilitan la formaci\u00f3n de los futuros profesionales. En estas p\u00e1ginas se observa nuestra historia, nuestros ideales, nuestra estructura curricular, nuestro crecimiento, nuestros logros, que se manifiestan de m\u00faltiples maneras y nuestros deseos de pensar un mundo mejor cada d\u00eda.<\/p>\n<p>Para completar esta descripci\u00f3n, adoptamos las palabras de nuestro Decano Profesor Arquitecto Jos\u00e9 G. Insfr\u00e1n, quien afirma que el mismo:<\/p>\n<p><em>\u201ces esencial, ya que se percibe como una herramienta invaluable para el desarrollo institucional (\u2026) Publicar implica no s\u00f3lo la difusi\u00f3n de informaci\u00f3n, sino tambi\u00e9n la reflexi\u00f3n, el intercambio de ideas, el debate, la preservaci\u00f3n de la memoria y la posibilidad de generar cambios y transformaciones.\u201d<\/em><\/p>\n<p>En este <strong>ANUARIO 2022 FADA | UNA <\/strong>son presentados los aportes de destacados estudiantes de las cinco carreras, la n\u00f3mina de los egresados y sus TRABAJOS FINALES DE GRADO. Los CURSOS DE POSGRADO, los trabajos de investigaci\u00f3n realizados, las actividades del Centro de Investigaci\u00f3n CIDI y las PUBLICACIONES entre otros, se suman a la labor comunitaria de la EXTENSI\u00d3N UNIVERSITARIA para el posicionamiento nacional e internacional de nuestra casa de estudios.<\/p>\n<p>El nivel acad\u00e9mico y el desempe\u00f1o de las funciones universitarias, as\u00ed como la calidad de los programas de las carreras \u00a0fueron reconocidos a trav\u00e9s de la acreditaci\u00f3n del a\u00f1o 2022. Dicha acreditaci\u00f3n ha sido obtenida para tres carreras: LICENCIATURA EN ARTES VISUALES, la LICENCIATURA EN DANZA y la LICENCIATURA EN M\u00daSICA.<\/p>\n<p>Cerramos con las expresiones del Arq. Jos\u00e9 Insfr\u00e1n diciendo:<\/p>\n<p>\u2026 \u201c<em>Que este ANUARIO 2022 sea un testimonio perdurable de nuestro compromiso con la inspiraci\u00f3n y la excelencia, como uno de los legados para las generaciones venideras.<\/em><\/p>\n<p><em>Bienvenidos a estas p\u00e1ginas de la historia y producci\u00f3n de la Facultad de Arquitectura, Dise\u00f1o y Arte de la UNA.\u201c<\/em><\/p>\n","protected":false},"excerpt":{"rendered":"<p>Anuario Acad\u00e9mico 2022 Un a\u00f1o de labor acad\u00e9mica desplegada en el \u00e1mbito de las cinco carreras de grado que conforman nuestra casa de estudios Observamos a\u00f1o tras a\u00f1o, a los graduados que se alejan con la satisfacci\u00f3n del sue\u00f1o cumplido, as\u00ed tambi\u00e9n a\u00f1o tras a\u00f1o, centenares de estudiantes transitan este camino y a\u00f1o tras a\u00f1o, [&hellip;]<\/p>\n","protected":false},"author":1,"featured_media":0,"parent":0,"menu_order":0,"comment_status":"closed","ping_status":"closed","template":"","meta":{"footnotes":""},"class_list":["post-1294","page","type-page","status-publish","hentry"],"_links":{"self":[{"href":"https:\/\/fada.una.py\/catalogo\/wp-json\/wp\/v2\/pages\/1294","targetHints":{"allow":["GET"]}}],"collection":[{"href":"https:\/\/fada.una.py\/catalogo\/wp-json\/wp\/v2\/pages"}],"about":[{"href":"https:\/\/fada.una.py\/catalogo\/wp-json\/wp\/v2\/types\/page"}],"author":[{"embeddable":true,"href":"https:\/\/fada.una.py\/catalogo\/wp-json\/wp\/v2\/users\/1"}],"replies":[{"embeddable":true,"href":"https:\/\/fada.una.py\/catalogo\/wp-json\/wp\/v2\/comments?post=1294"}],"version-history":[{"count":13,"href":"https:\/\/fada.una.py\/catalogo\/wp-json\/wp\/v2\/pages\/1294\/revisions"}],"predecessor-version":[{"id":1551,"href":"https:\/\/fada.una.py\/catalogo\/wp-json\/wp\/v2\/pages\/1294\/revisions\/1551"}],"wp:attachment":[{"href":"https:\/\/fada.una.py\/catalogo\/wp-json\/wp\/v2\/media?parent=1294"}],"curies":[{"name":"wp","href":"https:\/\/api.w.org\/{rel}","templated":true}]}}